{"id":4942,"date":"2023-03-07T15:20:17","date_gmt":"2023-03-07T15:20:17","guid":{"rendered":"https:\/\/amsports.pl\/?post_type=product&#038;p=4942"},"modified":"2024-05-23T16:53:02","modified_gmt":"2024-05-23T16:53:02","slug":"specialized-power-comp","status":"publish","type":"product","link":"https:\/\/amsports.pl\/?product=specialized-power-comp","title":{"rendered":"SPECIALIZED POWER COMP"},"content":{"rendered":"<p><span class=\"HwtZe\" lang=\"pl\"><span class=\"jCAhz ChMk0b\"><span class=\"ryNqvb\">Siode\u0142ko Power Comp ma sztywn\u0105, wzmocnion\u0105 karbonem skorup\u0119 oraz design Body Geometry unisex. Od wy\u017cszych modeli r\u00f3\u017cni si\u0119 szynami, wykonanymi ze stali Cr-Mo. W praktyce oznacza to nieznacznie wi\u0119ksz\u0105 mas\u0119, ale ten sam komfort jazdy w ka\u017cdej pozycji &#8211; a zw\u0142aszcza agresywnej, kt\u00f3ra zwykle wi\u0105\u017ce si\u0119 z niewygod\u0105. Poddane badaniom klinicznym kr\u0105\u017cenie krwi i mapa nacisku, wy\u015bci\u00f3\u0142ka PU na \u015brednim poziomie II, szersze i d\u0142u\u017csze wyci\u0119cie Body Geometry oraz odpowiednie wsparcie ko\u015bci kulszowych gwarantuj\u0105 pe\u0142en komfort. Mocowania kompatybilne z SWAT\u2122 pozwalaj\u0105 na eleganckie i zintegrowane rozwi\u0105zania do przechowywania.<br \/>\n<\/span><\/span><\/span><\/p>\n<p>Rozmiar 155mm , 143mm<\/p>\n<p>&nbsp;<\/p>\n<p>&nbsp;<\/p>\n<p>&nbsp;<\/p>\n<p>&nbsp;<\/p>\n","protected":false},"excerpt":{"rendered":"<p>Siod\u0142o Power Comp<\/p>\n","protected":false},"featured_media":4943,"comment_status":"open","ping_status":"closed","template":"","meta":{"inline_featured_image":false},"product_cat":[125,130],"product_tag":[],"_links":{"self":[{"href":"https:\/\/amsports.pl\/index.php?rest_route=\/wp\/v2\/product\/4942"}],"collection":[{"href":"https:\/\/amsports.pl\/index.php?rest_route=\/wp\/v2\/product"}],"about":[{"href":"https:\/\/amsports.pl\/index.php?rest_route=\/wp\/v2\/types\/product"}],"replies":[{"embeddable":true,"href":"https:\/\/amsports.pl\/index.php?rest_route=%2Fwp%2Fv2%2Fcomments&post=4942"}],"wp:featuredmedia":[{"embeddable":true,"href":"https:\/\/amsports.pl\/index.php?rest_route=\/wp\/v2\/media\/4943"}],"wp:attachment":[{"href":"https:\/\/amsports.pl\/index.php?rest_route=%2Fwp%2Fv2%2Fmedia&parent=4942"}],"wp:term":[{"taxonomy":"product_cat","embeddable":true,"href":"https:\/\/amsports.pl\/index.php?rest_route=%2Fwp%2Fv2%2Fproduct_cat&post=4942"},{"taxonomy":"product_tag","embeddable":true,"href":"https:\/\/amsports.pl\/index.php?rest_route=%2Fwp%2Fv2%2Fproduct_tag&post=4942"}],"curies":[{"name":"wp","href":"https:\/\/api.w.org\/{rel}","templated":true}]}}