{"id":4969,"date":"2023-03-13T14:25:55","date_gmt":"2023-03-13T14:25:55","guid":{"rendered":"https:\/\/amsports.pl\/?post_type=product&#038;p=4969"},"modified":"2023-03-13T14:29:24","modified_gmt":"2023-03-13T14:29:24","slug":"specialized-2fo-dh-clip-mountain-bike-shoes-black-redwood","status":"publish","type":"product","link":"https:\/\/amsports.pl\/?product=specialized-2fo-dh-clip-mountain-bike-shoes-black-redwood","title":{"rendered":"SPECIALIZED 2FO DH CLIP MOUNTAIN BIKE SHOES  black \/ redwood"},"content":{"rendered":"<div>Buty zaprojektowane pod k\u0105tem szybkiej jazdy na ca\u0142ego. Szlak pnie si\u0119 pionowo pod g\u00f3r\u0119? Bomba! Ogromne g\u0142azy? \u017baden problem! Przeskok nad przepa\u015bci\u0105? Nie ma si\u0119 nad czym zastanawia\u0107! Buty zosta\u0142y opracowane wsp\u00f3lnie z czo\u0142owymi zawodnikami DH, w tym trzykrotnym zjazdowym mistrzem \u015bwiata DH Loicem Bruni, tak by da\u0107 maksimum ochrony, pewnie trzyma\u0107 stop\u0119 i zach\u0119ci\u0107 do p\u00f3j\u015bcia na ca\u0142o\u015b\u0107. Idealnie sprawdz\u0105 si\u0119 w najci\u0119\u017cszym terenie, w kt\u00f3rym wcale nie masz zamiaru zwalnia\u0107. Opr\u00f3cz trzymania stopy i ochrony nale\u017cy r\u00f3wnie\u017c wspomnie\u0107 o Body Geometry, siateczkowej wy\u015bci\u00f3\u0142ce XPEL (jest lekka po zamoczeniu i szybko schnie), podeszwie \u015brodkowej Lollipop z zatrzaskiem Landing Strip oraz gumie bie\u017cnika SlipNot FG (Felgrip).<\/div>\n<ul>\n<li>NEEDS NEW BODY GEOMETRY COPY! Podeszwa Body Geometry zosta\u0142a zaprojektowana pod k\u0105tem ergonomii i poddana testom naukowym &#8211; zwi\u0119ksza moc i efektywno\u015b\u0107 oraz zapobiega kontuzjom dzi\u0119ki optymalizacji wzajemnego u\u0142o\u017cenia biodra, kolana i stopy.<\/li>\n<li>Wzmocniony wierzch chroni i pewnie trzyma stop\u0119, daj\u0105c pewno\u015b\u0107 w najtrudniejszym terenie.<\/li>\n<li>Hydrofobowa siateczka X-PEL\u2122 redukuje wch\u0142anianie wody i wyra\u017anie skraca czas schni\u0119cia obuwia.<\/li>\n<li>Sztywna, nylonowo-kompozytowa podeszwa wewn\u0119trzna Lollipop\u2122 zwi\u0119ksza efektywno\u015b\u0107 peda\u0142owania i umo\u017cliwia wygodne chodzenie.<\/li>\n<li>\u015awietna przyczepno\u015b\u0107 dzi\u0119ki podeszwie z gumy SlipNot\u2122 FG.<\/li>\n<li>D\u0142u\u017csze (4 mm) gniazdo zatrzasku umo\u017cliwia przesuni\u0119cie zatrzasku do ty\u0142u.<\/li>\n<li>Wytrzyma\u0142y wierzch ze sk\u00f3ry syntetycznej oznacza komfort i dodatkow\u0105 ochron\u0119.<\/li>\n<li>Wygodna podeszwa \u015brodkowa z wype\u0142nieniem z pianki EVA.<\/li>\n<li>Opcja Relaxed Fit \u0142\u0105czy dobre czucie peda\u0142\u00f3w z wygod\u0105 po zej\u015bciu z roweru.<\/li>\n<li>Zatrzask na dwie \u015bruby, kompatybilny z wi\u0119kszo\u015bci\u0105 peda\u0142\u00f3w g\u00f3rskich.<\/li>\n<\/ul>\n","protected":false},"excerpt":{"rendered":"<h4 class=\"TypographyTheme__StyledH4-gSlVcB ProductDetailHeader__ProductName-bYTRSJ esTAxo bOhmBE\" data-component=\"product-name\">2FO DH Clip Mountain Bike Shoes<\/h4>\n","protected":false},"featured_media":4970,"comment_status":"open","ping_status":"closed","template":"","meta":{"inline_featured_image":false},"product_cat":[120,117],"product_tag":[],"_links":{"self":[{"href":"https:\/\/amsports.pl\/index.php?rest_route=\/wp\/v2\/product\/4969"}],"collection":[{"href":"https:\/\/amsports.pl\/index.php?rest_route=\/wp\/v2\/product"}],"about":[{"href":"https:\/\/amsports.pl\/index.php?rest_route=\/wp\/v2\/types\/product"}],"replies":[{"embeddable":true,"href":"https:\/\/amsports.pl\/index.php?rest_route=%2Fwp%2Fv2%2Fcomments&post=4969"}],"wp:featuredmedia":[{"embeddable":true,"href":"https:\/\/amsports.pl\/index.php?rest_route=\/wp\/v2\/media\/4970"}],"wp:attachment":[{"href":"https:\/\/amsports.pl\/index.php?rest_route=%2Fwp%2Fv2%2Fmedia&parent=4969"}],"wp:term":[{"taxonomy":"product_cat","embeddable":true,"href":"https:\/\/amsports.pl\/index.php?rest_route=%2Fwp%2Fv2%2Fproduct_cat&post=4969"},{"taxonomy":"product_tag","embeddable":true,"href":"https:\/\/amsports.pl\/index.php?rest_route=%2Fwp%2Fv2%2Fproduct_tag&post=4969"}],"curies":[{"name":"wp","href":"https:\/\/api.w.org\/{rel}","templated":true}]}}