{"id":5561,"date":"2023-08-25T12:16:18","date_gmt":"2023-08-25T12:16:18","guid":{"rendered":"https:\/\/amsports.pl\/?post_type=product&#038;p=5561"},"modified":"2025-09-15T11:57:34","modified_gmt":"2025-09-15T11:57:34","slug":"specialized-diverge-e5-satin-smoke-cool-grey-chrome-clean","status":"publish","type":"product","link":"https:\/\/amsports.pl\/?product=specialized-diverge-e5-satin-smoke-cool-grey-chrome-clean","title":{"rendered":"SPECIALIZED DIVERGE  3 ALLOY    satin cast blue metallic"},"content":{"rendered":"<ul>\n<li>Rama z aluminium E5 Premium jest sztywna, lekka i wytrzyma\u0142a. W po\u0142\u0105czeniu z widelcem z karbonu FACT, Diverge Comp E5 staje si\u0119 lekki, \u017cwawy i wszechstronny, got\u00f3w do jazdy po ka\u017cdej nawierzchni.<\/li>\n<li>Stare regu\u0142y geometrii rower\u00f3w gravel wyrzucili\u015bmy do kosza. Nowy Diverge otrzyma\u0142 najbardziej progresywn\u0105 geometri\u0119 ze wszystkich modeli z barankiem, dzi\u0119ki czemu jest wydajny i stabilny na lu\u017anej nawierzchni, a jednocze\u015bnie reaktywny i sterowny na szosie. Zwi\u0119kszyli\u015bmy wysi\u0119g ramy, wyprzedzenie widelca oraz k\u0105t pochylenia g\u0142\u00f3wki ramy, co przek\u0142ada si\u0119 na absolutn\u0105 pewno\u015b\u0107 jazdy po lu\u017anej nawierzchni. Z kolei kr\u00f3tszy mostek, a w konsekwencji ca\u0142y kokpit, jest gwarancj\u0105 \u017cwawych reakcji. Aby zwi\u0119kszy\u0107 stabilno\u015b\u0107 obni\u017cyli\u015bmy suport, kt\u00f3ry jednak wci\u0105\u017c umo\u017cliwia monta\u017c k\u00f3\u0142 650b &#8211; bo wiemy, \u017ce mo\u017cesz chcie\u0107 je\u017adzi\u0107 w\u0142a\u015bnie na takich.<\/li>\n<li>Diverge ma wszelkie mo\u017cliwe uchwyty na baga\u017cniki, w tym na widelcu i na rurze g\u00f3rnej. Jest to w ko\u0144cu rower, na kt\u00f3rym mo\u017cna wyruszy\u0107 na ca\u0142o-, lub nawet kilkudniow\u0105 eskapad\u0119.<\/li>\n<li>Wyznacznikiem wszechstronno\u015bci roweru jest prze\u015bwit na opony, dlatego Diverge umo\u017cliwia za\u0142o\u017cenie opon 47 mm na ko\u0142a 700c oraz 2,1\u201d na rozmiar 650b. Zastosowanie poddanego specjalnej obr\u00f3bce aluminium w dolnej rurze tylnego tr\u00f3jk\u0105ta po stronie nap\u0119du pozwoli\u0142o nam zwi\u0119kszy\u0107 prze\u015bwit bez os\u0142abiania konstrukcji roweru, czy wyd\u0142u\u017caniu tr\u00f3jk\u0105ta.<\/li>\n<li>Gruba nap\u0119dowa shimano cues\u00a0 2&#215;10 z hydraulicznymi hamulcami, zapewnia szeroki zakres prz\u0142o\u017ce\u0144 w ka\u017cdym terenie i pewne hamowanie.<\/li>\n<\/ul>\n","protected":false},"excerpt":{"rendered":"<p>Przystosowany do \u015bcigania i gotowy na przygody Diverge powsta\u0142 z my\u015bl\u0105 o \u015bciganiu z maksymaln\u0105 moc\u0105 i wielokilometrowych wyprawach po bezdro\u017cach. Go\u0144 horyzont lub rywali\u2014\u015bwietnie robi jedno i drugie.<\/p>\n","protected":false},"featured_media":6007,"comment_status":"open","ping_status":"closed","template":"","meta":{"inline_featured_image":false},"product_cat":[76],"product_tag":[],"_links":{"self":[{"href":"https:\/\/amsports.pl\/index.php?rest_route=\/wp\/v2\/product\/5561"}],"collection":[{"href":"https:\/\/amsports.pl\/index.php?rest_route=\/wp\/v2\/product"}],"about":[{"href":"https:\/\/amsports.pl\/index.php?rest_route=\/wp\/v2\/types\/product"}],"replies":[{"embeddable":true,"href":"https:\/\/amsports.pl\/index.php?rest_route=%2Fwp%2Fv2%2Fcomments&post=5561"}],"wp:featuredmedia":[{"embeddable":true,"href":"https:\/\/amsports.pl\/index.php?rest_route=\/wp\/v2\/media\/6007"}],"wp:attachment":[{"href":"https:\/\/amsports.pl\/index.php?rest_route=%2Fwp%2Fv2%2Fmedia&parent=5561"}],"wp:term":[{"taxonomy":"product_cat","embeddable":true,"href":"https:\/\/amsports.pl\/index.php?rest_route=%2Fwp%2Fv2%2Fproduct_cat&post=5561"},{"taxonomy":"product_tag","embeddable":true,"href":"https:\/\/amsports.pl\/index.php?rest_route=%2Fwp%2Fv2%2Fproduct_tag&post=5561"}],"curies":[{"name":"wp","href":"https:\/\/api.w.org\/{rel}","templated":true}]}}