{"id":5586,"date":"2023-08-26T11:55:32","date_gmt":"2023-08-26T11:55:32","guid":{"rendered":"https:\/\/amsports.pl\/?post_type=product&#038;p=5586"},"modified":"2025-06-12T12:34:28","modified_gmt":"2025-06-12T12:34:28","slug":"specialized-turbo-kenevo-sl-comp-gloss-blaze-black","status":"publish","type":"product","link":"https:\/\/amsports.pl\/?product=specialized-turbo-kenevo-sl-comp-gloss-blaze-black","title":{"rendered":"SPECIALIZED TURBO KENEVO SL 2 COMP  gloss blaze \/ black"},"content":{"rendered":"<p>ZAPROJEKTOWANA WYDAJNO\u015a\u0106: SL 1.2 to najbardziej wydajny system e-bike na \u015bwiecie, kt\u00f3ry odblokowuje maksymalny zasi\u0119g w stosunku do masy. Dostarcza o 33% wi\u0119cej mocy (320 W) ni\u017c jego poprzednik z niesamowitym wyczuciem, a o 43% wi\u0119kszy moment obrotowy (50 Nm) pozwala je\u017adzi\u0107 po wi\u0119kszej liczbie szlak\u00f3w, kt\u00f3rych pragniesz. Oczywi\u015bcie, system SL 1.2 robi du\u017ce wra\u017cenie, ale nie us\u0142yszysz go, poniewa\u017c jest to r\u00f3wnie\u017c najcichszy system e-bike na \u015bwiecie.<\/p>\n<p>RIDE DYNAMICS: 170 mm skoku Kenevo SL 2 inspirowanego Enduro jest dostrojone tak, aby zachowa\u0107 spok\u00f3j na ma\u0142ych wybojach i du\u017cych uderzeniach, a jednocze\u015bnie zapewnia niesamowit\u0105 reakcj\u0119 na peda\u0142owanie i wydajne dostarczanie mocy. Niski suport, lu\u017any k\u0105t g\u0142\u00f3wki i zmniejszony offset widelca zapewniaj\u0105 stabilno\u015b\u0107 na nier\u00f3wno\u015bciach. Dzi\u0119ki geometrii precyzyjnie dostrajanej przez ponad 30 lat tworzenia rower\u00f3w z pe\u0142nym zawieszeniem i wielokrotnie sprawdzonej na najwi\u0119kszych wy\u015bcigach, mo\u017cesz by\u0107 pewien, \u017ce Kenevo SL 2 w trudnym terenie b\u0119dzie spokojne i stabilne.<\/p>\n<p>GEOMETRIA KONTROLI: Geometri\u0119 Kenevo SL 2 mo\u017cna precyzyjnie dostroi\u0107 do ka\u017cdego stylu jazdy. Sze\u015b\u0107 r\u00f3\u017cnych ustawie\u0144 geometrii umo\u017cliwia \u0142atw\u0105 regulacj\u0119 w celu poprawy wydajno\u015bci w ka\u017cdym terenie. K\u0105t g\u0142\u00f3wki ramy mo\u017cna ustawi\u0107 na 62,5, 63,5 lub 64,5 stopnia. Wysoko\u015b\u0107 suportu mo\u017cna precyzyjnie regulowa\u0107 w g\u00f3r\u0119 lub w d\u00f3\u0142 o 7 mm.<\/p>\n<p>MASTERMIND TCU: MasterMind Turbo Control Unit (TCU) to nasz wy\u015bwietlacz, kt\u00f3ry pozwala kontrolowa\u0107 interakcj\u0119 mi\u0119dzy rowerem, silnikiem i akumulatorem. P\u0142ynnie \u0142\u0105czy sprz\u0119t, aplikacj\u0119 Specialized i rowerzyst\u0119. Monitoruje zu\u017cycie baterii i umo\u017cliwia dost\u0119p do zamontowanego na kierownicy MicroTune w celu regulacji mocy w czasie rzeczywistym.<\/p>\n<p>S-SIZING: Rozmiar S opiera si\u0119 na tym, co ma znaczenie &#8211; rozmiarze i stylu rowerzysty, a nie na d\u0142ugo\u015bci nogi. Cztery rozmiary, wszystkie o podobnej d\u0142ugo\u015bci g\u0142\u00f3wki i przekroku, pozwalaj\u0105 wybra\u0107 rozmiar, kt\u00f3ry najlepiej pasuje do indywidualnego stylu. Mniejsze rozmiary S-Size b\u0119d\u0105 zwinniejsze i bardziej zwrotne, podczas gdy wi\u0119ksze rozmiary S-Size zapewniaj\u0105 wi\u0119ksz\u0105 stabilno\u015b\u0107 i bardziej przestronn\u0105 jazd\u0119.<\/p>\n<p>&nbsp;<\/p>\n","protected":false},"excerpt":{"rendered":"<p>Pokonuj najtrudniejsze szlaki jak nigdy dot\u0105d dzi\u0119ki zupe\u0142nie nowemu Kenevo SL 2. Bazuj\u0105c na zawieszeniu Enduro, Kenevo SL 2 uzyskuje niezr\u00f3wnane wzmocnienie, wiod\u0105c\u0105 w swojej klasie wydajno\u015b\u0107 i super lekk\u0105 wag\u0119 dzi\u0119ki naszemu systemowi Turbo SL 1.2.<\/p>\n","protected":false},"featured_media":5989,"comment_status":"open","ping_status":"closed","template":"","meta":{"inline_featured_image":false},"product_cat":[83,75],"product_tag":[],"_links":{"self":[{"href":"https:\/\/amsports.pl\/index.php?rest_route=\/wp\/v2\/product\/5586"}],"collection":[{"href":"https:\/\/amsports.pl\/index.php?rest_route=\/wp\/v2\/product"}],"about":[{"href":"https:\/\/amsports.pl\/index.php?rest_route=\/wp\/v2\/types\/product"}],"replies":[{"embeddable":true,"href":"https:\/\/amsports.pl\/index.php?rest_route=%2Fwp%2Fv2%2Fcomments&post=5586"}],"wp:featuredmedia":[{"embeddable":true,"href":"https:\/\/amsports.pl\/index.php?rest_route=\/wp\/v2\/media\/5989"}],"wp:attachment":[{"href":"https:\/\/amsports.pl\/index.php?rest_route=%2Fwp%2Fv2%2Fmedia&parent=5586"}],"wp:term":[{"taxonomy":"product_cat","embeddable":true,"href":"https:\/\/amsports.pl\/index.php?rest_route=%2Fwp%2Fv2%2Fproduct_cat&post=5586"},{"taxonomy":"product_tag","embeddable":true,"href":"https:\/\/amsports.pl\/index.php?rest_route=%2Fwp%2Fv2%2Fproduct_tag&post=5586"}],"curies":[{"name":"wp","href":"https:\/\/api.w.org\/{rel}","templated":true}]}}