{"id":5605,"date":"2023-08-31T15:37:46","date_gmt":"2023-08-31T15:37:46","guid":{"rendered":"https:\/\/amsports.pl\/?post_type=product&#038;p=5605"},"modified":"2025-01-15T15:58:33","modified_gmt":"2025-01-15T15:58:33","slug":"specialized-jett-24","status":"publish","type":"product","link":"https:\/\/amsports.pl\/?product=specialized-jett-24","title":{"rendered":"SPECIALIZED JETT 24&#8221;  redwood \/ white"},"content":{"rendered":"<p><span class=\"HwtZe\" lang=\"pl\"><span class=\"jCAhz ChMk0b\"><span class=\"ryNqvb\">Jett zosta\u0142 zaprojektowany tak, aby\u015b nigdy nie ba\u0142 si\u0119 gwa\u0142townego wzrostu.<\/span><\/span> <span class=\"jCAhz ChMk0b\"><span class=\"ryNqvb\">Odrobili\u015bmy prac\u0119 domow\u0105, aby zrozumie\u0107, jak rosn\u0105 dzieci \u2014 uwaga, spoilery, r\u0119ce i nogi dzieci rosn\u0105 szybciej ni\u017c tu\u0142\u00f3w.<\/span><\/span> <span class=\"jCAhz ChMk0b\"><span class=\"ryNqvb\">Zaj\u0119li\u015bmy si\u0119 ksi\u0105\u017ckami i zaprojektowali\u015bmy rower z punktami dotykowymi dostosowanymi do potrzeb dzieci, kt\u00f3re wytrzymuj\u0105 rozw\u00f3j m\u0142odych rowerzyst\u00f3w.<\/span><\/span> <span class=\"jCAhz ChMk0b\"><span class=\"ryNqvb\">Jett jest wyj\u0105tkowo regulowany, idealnie proporcjonalny i mo\u017cna go podnosi\u0107 przez dziecko \u2014 zawsze b\u0119dzie ustawiony na Jett.<\/span><\/span> <span class=\"jCAhz ChMk0b\"><span class=\"ryNqvb\">Jett Multispeed ma regulowan\u0105 kierownic\u0119, kt\u00f3ra pozwala dzieciom precyzyjnie regulowa\u0107 zasi\u0119g w miar\u0119 wzrostu ramion.<\/span><\/span> <span class=\"jCAhz ChMk0b\"><span class=\"ryNqvb\">Korby z 2 otworami w po\u0142\u0105czeniu z d\u0142u\u017cszymi rurami podsiod\u0142owymi zapewniaj\u0105 du\u017c\u0105 elastyczno\u015b\u0107 w wybieraniu optymalnej pozycji peda\u0142owania.<\/span><\/span> <span class=\"jCAhz ChMk0b\"><span class=\"ryNqvb\">Co wi\u0119cej, zaprojektowali\u015bmy ram\u0119 i sprawdzili\u015bmy ka\u017cdy element, aby uczyni\u0107 Jett jednym z najl\u017cejszych rower\u00f3w na rynku.<\/span><\/span> <span class=\"jCAhz ChMk0b\"><span class=\"ryNqvb\">B\u0119dziesz musia\u0142 ich b\u0142aga\u0107, \u017ceby zsiedli z tego roweru.<\/span><\/span><\/span><\/p>\n","protected":false},"excerpt":{"rendered":"<p><span class=\"HwtZe\" lang=\"pl\"><span class=\"jCAhz ChMk0b\"><span class=\"ryNqvb\">Dzieci poruszaj\u0105 si\u0119 szybko i szybciej rosn\u0105.<\/span><\/span> <span class=\"jCAhz ChMk0b\"><span class=\"ryNqvb\">Czasami mo\u017ce si\u0119 wydawa\u0107, \u017ce istnieje ma\u0142e okienko umo\u017cliwiaj\u0105ce idealne dopasowanie roweru.<\/span><\/span> <span class=\"jCAhz ChMk0b\"><span class=\"ryNqvb\">W\u0142a\u015bciwy rower dla m\u0142odego rowerzysty to delikatna r\u00f3wnowaga pomi\u0119dzy za ma\u0142ym, za du\u017cym i kr\u00f3tkotrwa\u0142ym w sam raz.<\/span><\/span> <span class=\"jCAhz ChMk0b\"><span class=\"ryNqvb\">Je\u015bli mamy inspirowa\u0107 kolejne pokolenie rowerzyst\u00f3w, musimy zapewni\u0107 dzieciom komfortow\u0105 jazd\u0119 d\u0142u\u017cej<\/span><\/span><\/span>.<\/p>\n","protected":false},"featured_media":5834,"comment_status":"open","ping_status":"closed","template":"","meta":{"inline_featured_image":false},"product_cat":[80],"product_tag":[],"_links":{"self":[{"href":"https:\/\/amsports.pl\/index.php?rest_route=\/wp\/v2\/product\/5605"}],"collection":[{"href":"https:\/\/amsports.pl\/index.php?rest_route=\/wp\/v2\/product"}],"about":[{"href":"https:\/\/amsports.pl\/index.php?rest_route=\/wp\/v2\/types\/product"}],"replies":[{"embeddable":true,"href":"https:\/\/amsports.pl\/index.php?rest_route=%2Fwp%2Fv2%2Fcomments&post=5605"}],"wp:featuredmedia":[{"embeddable":true,"href":"https:\/\/amsports.pl\/index.php?rest_route=\/wp\/v2\/media\/5834"}],"wp:attachment":[{"href":"https:\/\/amsports.pl\/index.php?rest_route=%2Fwp%2Fv2%2Fmedia&parent=5605"}],"wp:term":[{"taxonomy":"product_cat","embeddable":true,"href":"https:\/\/amsports.pl\/index.php?rest_route=%2Fwp%2Fv2%2Fproduct_cat&post=5605"},{"taxonomy":"product_tag","embeddable":true,"href":"https:\/\/amsports.pl\/index.php?rest_route=%2Fwp%2Fv2%2Fproduct_tag&post=5605"}],"curies":[{"name":"wp","href":"https:\/\/api.w.org\/{rel}","templated":true}]}}