{"id":5619,"date":"2023-09-01T15:06:59","date_gmt":"2023-09-01T15:06:59","guid":{"rendered":"https:\/\/amsports.pl\/?post_type=product&#038;p=5619"},"modified":"2025-03-19T12:30:06","modified_gmt":"2025-03-19T12:30:06","slug":"specialized-jett-16-satin-smoke-flake-silver-kopia","status":"publish","type":"product","link":"https:\/\/amsports.pl\/?product=specialized-jett-16-satin-smoke-flake-silver-kopia","title":{"rendered":"MARIN RIFT ZONE JR 24&#8221;  zielony \/ czarny \/ \u017c\u00f3\u0142ty"},"content":{"rendered":"<p><span class=\"HwtZe\" lang=\"pl\">Rift Zone Jr bazowo stoi na ko\u0142ach 24&#8221;. Jednak projektuj\u0105c ram\u0119 i jej kinematyk\u0119 przewidzieli\u015bmy, \u017ce dzieciaki szybko rosn\u0105. Dlatego rama potrafi pomie\u015bci\u0107 ko\u0142a 26\u201d co przed\u0142u\u017ca u\u017cyteczno\u015b\u0107 roweru i zwi\u0119ksza jego wszechstronno\u015b\u0107.<\/span><\/p>\n<p>Na pok\u0142adzie Rift Zone JR znajduj\u0105 si\u0119 amortyzatory z komor\u0105 powietrzn\u0105, kt\u00f3re mo\u017cna \u0142atwo ustawi\u0107 pod ka\u017cd\u0105 wag\u0119 u\u017cytkownika.<\/p>\n<p>Rift Zone to prawdziwy rower g\u00f3rski wiec musi odpowiednio si\u0119 zatrzymywa\u0107. Zastosowali\u015bmy w nim hamulce hydrauliczne, kt\u00f3re zapewniaj\u0105 pewn\u0105 kontrol\u0119 nad rowerem w ka\u017cdych warunkach.<\/p>\n<p>Rift Zone Jr posiada wewn\u0119trzne prowadzenie przewod\u00f3w dla czystego wygl\u0105du i unikni\u0119cia zahacze\u0144 o patyki.<\/p>\n","protected":false},"excerpt":{"rendered":"<p><span class=\"HwtZe\" lang=\"pl\">Pe\u0142noprawny rower g\u00f3rski w mniejszym wydaniu. Rower Rift Zone Jr przeznaczony jest z dla bardziej ambitnych dzieciak\u00f3w kt\u00f3re chc\u0105 dotrzyma\u0107 towarzystwa na przeja\u017cd\u017cce doros\u0142ym.<br \/>\n<\/span><\/p>\n","protected":false},"featured_media":5623,"comment_status":"open","ping_status":"closed","template":"","meta":{"inline_featured_image":false},"product_cat":[80],"product_tag":[],"_links":{"self":[{"href":"https:\/\/amsports.pl\/index.php?rest_route=\/wp\/v2\/product\/5619"}],"collection":[{"href":"https:\/\/amsports.pl\/index.php?rest_route=\/wp\/v2\/product"}],"about":[{"href":"https:\/\/amsports.pl\/index.php?rest_route=\/wp\/v2\/types\/product"}],"replies":[{"embeddable":true,"href":"https:\/\/amsports.pl\/index.php?rest_route=%2Fwp%2Fv2%2Fcomments&post=5619"}],"wp:featuredmedia":[{"embeddable":true,"href":"https:\/\/amsports.pl\/index.php?rest_route=\/wp\/v2\/media\/5623"}],"wp:attachment":[{"href":"https:\/\/amsports.pl\/index.php?rest_route=%2Fwp%2Fv2%2Fmedia&parent=5619"}],"wp:term":[{"taxonomy":"product_cat","embeddable":true,"href":"https:\/\/amsports.pl\/index.php?rest_route=%2Fwp%2Fv2%2Fproduct_cat&post=5619"},{"taxonomy":"product_tag","embeddable":true,"href":"https:\/\/amsports.pl\/index.php?rest_route=%2Fwp%2Fv2%2Fproduct_tag&post=5619"}],"curies":[{"name":"wp","href":"https:\/\/api.w.org\/{rel}","templated":true}]}}