{"id":5633,"date":"2023-11-03T10:22:34","date_gmt":"2023-11-03T10:22:34","guid":{"rendered":"https:\/\/amsports.pl\/?post_type=product&#038;p=5633"},"modified":"2024-07-24T10:30:54","modified_gmt":"2024-07-24T10:30:54","slug":"specialized-turbo-tero-x-4-0-gunmetal-white-mountains","status":"publish","type":"product","link":"https:\/\/amsports.pl\/?product=specialized-turbo-tero-x-4-0-gunmetal-white-mountains","title":{"rendered":"SPECIALIZED TURBO TERO X 4.0   silverdust \/ smoke"},"content":{"rendered":"<p>Peda\u0142uj wykraczaj\u0105c poza map\u0119 dzi\u0119ki wydajnemu silnikowi Specialized Full Power 2.0E i systemowi Turbo. Silnik Specialized Full Power 2.0E to ten sam silnik, kt\u00f3ry znajduje si\u0119 w naszym Levo &#8211; testowany w najbardziej nier\u00f3wnym terenie, w najtrudniejszych warunkach, aby zapewni\u0107 najwy\u017csz\u0105 jako\u015b\u0107 dozna\u0144. Inteligentny system operacyjny, kt\u00f3ry integruje nasze w pe\u0142ni autorskie oprogramowanie i sprz\u0119t, dzi\u0119ki kt\u00f3remu mo\u017cesz je\u017adzi\u0107 dalej i odkrywa\u0107 wi\u0119cej ni\u017c kiedykolwiek wcze\u015bniej. Co wi\u0119cej, wy\u015bwietlacz MasterMind pozwala na natychmiastowe dostrojenie w zasi\u0119gu r\u0119ki, a wbudowany estymator zasi\u0119gu pozwala uzyska\u0107 maksymalny zasi\u0119g i czas jazdy.<\/p>\n<p>Pewno\u015b\u0107 siebie, komfort i kontrola. Tero X po\u017cera dziury, wyg\u0142adza nier\u00f3wno\u015bci i sp\u0142aszcza ska\u0142y. Pozwala na pokonanie najbardziej nier\u00f3wnego terenu. Dzi\u0119ki przedniemu i tylnemu zawieszeniu, wyprostowanej pozycji jazdy, naszym oponom Ground Control oraz pewno\u015bci, jak\u0105 daje sztyca regulowana, sprawili\u015bmy, \u017ce pokonywanie trudnych tras jest \u0142atwiejsze ni\u017c kiedykolwiek wcze\u015bniej. 130\/120mm skoku zawieszenia. Wyposa\u017cony w blokad\u0119 widelec RockShox Silver RL i amortyzator RockShox Deluxe Select R zapewniaj\u0105 pewno\u015b\u0107, komfort i kontrol\u0119<\/p>\n<p>Jed\u017a za horyzont maj\u0105c wszystko, czego potrzebujesz. Tero X jest wyposa\u017cony w reflektor o mocy do 1000 lumen\u00f3w, tylne \u015bwiat\u0142o o mocy do 22 lumen\u00f3w oraz zintegrowany tylny baga\u017cnik, kt\u00f3ry pomie\u015bci do 20 kg sprz\u0119tu. A, i czy zapomnieli\u015bmy wspomnie\u0107 o dodatkowym przednim baga\u017cniku, kt\u00f3ry umo\u017cliwia do\u0142o\u017cenie dodatkowych 10 kg? Teraz ka\u017cda przeja\u017cd\u017cka to dobry pomys\u0142.<\/p>\n<p>Blokada systemu Turbo \u2014 u\u017cyj aplikacji Mission Control, aby wy\u0142\u0105czy\u0107 silnik w rowerze i aktywowa\u0107 alarm czujnika ruchu. Po zablokowaniu silnik nie mo\u017ce by\u0107 ponownie w\u0142\u0105czony, chyba \u017ce przez w\u0142a\u015bciciela.<\/p>\n","protected":false},"excerpt":{"rendered":"<p>Turbo Tero X oznacza jedno: b\u0119dziesz potrzebowa\u0142 wi\u0119kszej mapy. Dzi\u0119ki zasi\u0119gowi pozwalaj\u0105cemu dotrze\u0107 niemal wsz\u0119dzie, ten rower elektryczny z pe\u0142nym zawieszeniem jest naszym pojazdem do jazdy po wszystkim i ze wszystkim. Ponadto, dzi\u0119ki ilo\u015bci miejsca wystarczaj\u0105cej na spakowanie wielu dodatk\u00f3w, odkryjesz nowe przygody \u0142atwiej ni\u017c kiedykolwiek wcze\u015bniej. Pozostaje tylko pytanie: dok\u0105d?<\/p>\n","protected":false},"featured_media":5723,"comment_status":"open","ping_status":"closed","template":"","meta":{"inline_featured_image":false},"product_cat":[83,75,78],"product_tag":[],"_links":{"self":[{"href":"https:\/\/amsports.pl\/index.php?rest_route=\/wp\/v2\/product\/5633"}],"collection":[{"href":"https:\/\/amsports.pl\/index.php?rest_route=\/wp\/v2\/product"}],"about":[{"href":"https:\/\/amsports.pl\/index.php?rest_route=\/wp\/v2\/types\/product"}],"replies":[{"embeddable":true,"href":"https:\/\/amsports.pl\/index.php?rest_route=%2Fwp%2Fv2%2Fcomments&post=5633"}],"wp:featuredmedia":[{"embeddable":true,"href":"https:\/\/amsports.pl\/index.php?rest_route=\/wp\/v2\/media\/5723"}],"wp:attachment":[{"href":"https:\/\/amsports.pl\/index.php?rest_route=%2Fwp%2Fv2%2Fmedia&parent=5633"}],"wp:term":[{"taxonomy":"product_cat","embeddable":true,"href":"https:\/\/amsports.pl\/index.php?rest_route=%2Fwp%2Fv2%2Fproduct_cat&post=5633"},{"taxonomy":"product_tag","embeddable":true,"href":"https:\/\/amsports.pl\/index.php?rest_route=%2Fwp%2Fv2%2Fproduct_tag&post=5633"}],"curies":[{"name":"wp","href":"https:\/\/api.w.org\/{rel}","templated":true}]}}