{"id":5646,"date":"2023-11-03T11:18:39","date_gmt":"2023-11-03T11:18:39","guid":{"rendered":"https:\/\/amsports.pl\/?post_type=product&#038;p=5646"},"modified":"2024-07-26T13:40:11","modified_gmt":"2024-07-26T13:40:11","slug":"specialized-rockhopper-sport-275-satin-desert-rose-dune-white","status":"publish","type":"product","link":"https:\/\/amsports.pl\/?product=specialized-rockhopper-sport-275-satin-desert-rose-dune-white","title":{"rendered":"SPECIALIZED P.3  gloss black tint \/ black"},"content":{"rendered":"<p>PROSTOTA PRZEDE WSZYSTKIM \u2014 Wszelkie d\u017awignie, manetki, pokr\u0119t\u0142a i skomplikowane przewody s\u0105 bardzo przydatne \u2014 ale nie tutaj. Dla tych, kt\u00f3rzy skupiaj\u0105 si\u0119 na rozwoju, liczy si\u0119 przede wszystkim prostota. Seria P. oferuje cechy po\u017c\u0105dane przez mi\u0142o\u015bnik\u00f3w dirtu, pocz\u0105wszy od lekkiej i wytrzyma\u0142ej aluminiowej ramy. Ten rower b\u0119dzie spada\u0142 na ziemi\u0119. Bardzo cz\u0119sto.<\/p>\n<p>ROZMIARY DLA WSZYSTKICH \u2014 W tej niszowej ga\u0142\u0119zi kolarstwa rowery o konkretnym przeznaczeniu, takie jak Seria P., wyst\u0119powa\u0142y niegdy\u015b w niewielu rozmiarach. Dlatego postanowili\u015bmy cofn\u0105\u0107 si\u0119 o krok i zaprojektowa\u0107 ca\u0142y szereg rozmiar\u00f3w dla wszystkich, pocz\u0105wszy od 20\u201d klasycznego dirt jumpera a\u017c po 27.5\u201d rower trailowy, na kt\u00f3rym mo\u017cna robi\u0107 salta w ty\u0142.<\/p>\n<p>NA NOWO WYMY\u015aL SW\u0104 JAZD\u0118 \u2014 Zamiast i\u015b\u0107 na kompromis odno\u015bnie istoty tego roweru (podskoki i fruwanie w powietrzu), postanowili\u015bmy poszerzy\u0107 jego mo\u017cliwo\u015bci. Jest kompatybilny z regulowan\u0105 sztyc\u0105 i przerzutkami oraz wyposa\u017cony w regulowane haki. Mo\u017cesz na nim przejecha\u0107 ca\u0142\u0105 drog\u0119 z domu a\u017c do dirt parku z przerw\u0105 na kr\u00f3tk\u0105 sesj\u0119 po drodze.<\/p>\n<p>SOLIDNA TECHNIKA \u2014 Rozstaw boost z ty\u0142u poprawia sztywno\u015b\u0107, a w po\u0142\u0105czeniu z taperowan\u0105 g\u0142\u00f3wk\u0105 ramy oraz gwintowanym suportem sprawia, \u017ce rowery z Serii P. s\u0105 niezwykle wytrzyma\u0142e i \u0142atwe utrzymaniu. Dodatkowo posiadaj\u0105 nowe opony Kicker 2.1&#8243; (z mo\u017cliwo\u015bci\u0105 monta\u017cu nawet 2.35&#8243; opon trailowych), co gwarantuje przyczepno\u015b\u0107 i szybko\u015b\u0107 w ka\u017cdym terenie.<\/p>\n","protected":false},"excerpt":{"rendered":"<p>Ca\u0142kowicie przeprojektowana rama z Serii P. oferuje rowerzystom o dowolnym wzro\u015bcie idealne warunki do tego, by zacz\u0119li swoj\u0105 przygod\u0119 ze skokami na rowerze. Lekka, a przy tym wytrzyma\u0142a aluminiowa rama w r\u00f3\u017cnych rozmiarach kompatybilna z ko\u0142ami o r\u00f3\u017cnej wielko\u015bci zosta\u0142a stworzona w taki spos\u00f3b, aby sprosta\u0107 wszystkim wybojom i pozwoli\u0107 Ci jecha\u0107 dalej. W przypadku tych solidnych rower\u00f3w skupiamy si\u0119 na stworzeniu wysokiej jako\u015bci wszechstronnej platformy przeznaczonej dla wszystkich rowerzyst\u00f3w, wyposa\u017conej w najwy\u017cszej klasy komponenty.<\/p>\n","protected":false},"featured_media":5760,"comment_status":"open","ping_status":"closed","template":"","meta":{"inline_featured_image":false},"product_cat":[82],"product_tag":[],"_links":{"self":[{"href":"https:\/\/amsports.pl\/index.php?rest_route=\/wp\/v2\/product\/5646"}],"collection":[{"href":"https:\/\/amsports.pl\/index.php?rest_route=\/wp\/v2\/product"}],"about":[{"href":"https:\/\/amsports.pl\/index.php?rest_route=\/wp\/v2\/types\/product"}],"replies":[{"embeddable":true,"href":"https:\/\/amsports.pl\/index.php?rest_route=%2Fwp%2Fv2%2Fcomments&post=5646"}],"wp:featuredmedia":[{"embeddable":true,"href":"https:\/\/amsports.pl\/index.php?rest_route=\/wp\/v2\/media\/5760"}],"wp:attachment":[{"href":"https:\/\/amsports.pl\/index.php?rest_route=%2Fwp%2Fv2%2Fmedia&parent=5646"}],"wp:term":[{"taxonomy":"product_cat","embeddable":true,"href":"https:\/\/amsports.pl\/index.php?rest_route=%2Fwp%2Fv2%2Fproduct_cat&post=5646"},{"taxonomy":"product_tag","embeddable":true,"href":"https:\/\/amsports.pl\/index.php?rest_route=%2Fwp%2Fv2%2Fproduct_tag&post=5646"}],"curies":[{"name":"wp","href":"https:\/\/api.w.org\/{rel}","templated":true}]}}