{"id":5677,"date":"2024-02-19T13:54:20","date_gmt":"2024-02-19T13:54:20","guid":{"rendered":"https:\/\/amsports.pl\/?post_type=product&#038;p=5677"},"modified":"2025-06-09T16:43:42","modified_gmt":"2025-06-09T16:43:42","slug":"romet-wagant-4-srebrno-czarny","status":"publish","type":"product","link":"https:\/\/amsports.pl\/?product=romet-wagant-4-srebrno-czarny","title":{"rendered":"ROMET WAGANT 4  srebrno &#8211; czarny"},"content":{"rendered":"<div class=\"element__content ng-star-inserted\">\n<div class=\"description\" data-qa-product-description=\"\">\n<p>To m\u0119ski rower trekkingowy \u017c\u0105dny wielu niezapomnianych przyg\u00f3d. B\u0119dzie \u015bwietnym towarzyszem dalszych podr\u00f3\u017cy, ale te\u017c bez k\u0142optu przeprowadzi Ci\u0119 przez miasto do obranego celu.<\/p>\n<p>To nowoczesna konstrukcja aluminiowa ubrana w klasyczny wygl\u0105d. Rama posiada poprowadzenie przewod\u00f3w wewn\u0105trz, co korzystnie wp\u0142ywa na ich \u017cywotno\u015bc, a tak\u017ce estetyk\u0119 ca\u0142o\u015bci.<\/p>\n<p>Wagant 4 to niezwykle uniwersalny rower do zada\u0144 specjalnych. Niew\u0105tpliwie pomaga w tym bogate wyposa\u017cenie standardowe, w sk\u0142ad kt\u00f3rego wchodz\u0105 m.in. b\u0142otniki, komplet o\u015bwietlenia czy baga\u017cnik tylny. Rower dzi\u0119ki wyposa\u017ceniu w przedni amortyzator Suntour o ugi\u0119ciu 63 mm, sprawia, \u017ce jazda poza asfaltem potrafi by\u0107 naprawd\u0119 komfortow\u0105. Nie tylko w terenie wysokiej klasy nap\u0119d Shimano oferuj\u0105cy 21 prze\u0142o\u017ce\u0144 b\u0119dzie sporym u\u0142atwieniem podczas jazdy. Wagant 4 \u201c\u201cubrany\u201d\u201d zosta\u0142 w hamulce tarczowe, kt\u00f3re nie maj\u0105 \u017cadnych k\u0142opot\u00f3w, by zatrzyma\u0107 aluminiowe ko\u0142a o \u015brednicy 28 cali. Model posiada regulowany mostek, kt\u00f3ry pozwala na \u0142atwe ustawienie odpowiedniej pozycji. To w po\u0142\u0105czeniu z wygodnym siode\u0142kiem Selle Royal sprawia, \u017ce mo\u017cna kr\u0119ci\u0107 przez wiele godzin. Rower dost\u0119pny jest w 2 wersjach kolorystycznych i trzech rozmiarach ramy.<\/p>\n<\/div>\n<\/div>\n","protected":false},"excerpt":{"rendered":"<p>Romet Wagant to dwa rowery w jednym. U\u017cytkowy, kt\u00f3ry mo\u017ce pos\u0142u\u017cy\u0107 nam za sprz\u0119t do codziennych dojazd\u00f3w, jak i maszyna wyprawowa, kt\u00f3r\u0105 mo\u017cemy obudowa\u0107 w sakwy i inne d\u0142ugodystansowe akcesoria i ruszy\u0107 ku przygodzie.<\/p>\n","protected":false},"featured_media":5678,"comment_status":"open","ping_status":"closed","template":"","meta":{"inline_featured_image":false},"product_cat":[78],"product_tag":[],"_links":{"self":[{"href":"https:\/\/amsports.pl\/index.php?rest_route=\/wp\/v2\/product\/5677"}],"collection":[{"href":"https:\/\/amsports.pl\/index.php?rest_route=\/wp\/v2\/product"}],"about":[{"href":"https:\/\/amsports.pl\/index.php?rest_route=\/wp\/v2\/types\/product"}],"replies":[{"embeddable":true,"href":"https:\/\/amsports.pl\/index.php?rest_route=%2Fwp%2Fv2%2Fcomments&post=5677"}],"wp:featuredmedia":[{"embeddable":true,"href":"https:\/\/amsports.pl\/index.php?rest_route=\/wp\/v2\/media\/5678"}],"wp:attachment":[{"href":"https:\/\/amsports.pl\/index.php?rest_route=%2Fwp%2Fv2%2Fmedia&parent=5677"}],"wp:term":[{"taxonomy":"product_cat","embeddable":true,"href":"https:\/\/amsports.pl\/index.php?rest_route=%2Fwp%2Fv2%2Fproduct_cat&post=5677"},{"taxonomy":"product_tag","embeddable":true,"href":"https:\/\/amsports.pl\/index.php?rest_route=%2Fwp%2Fv2%2Fproduct_tag&post=5677"}],"curies":[{"name":"wp","href":"https:\/\/api.w.org\/{rel}","templated":true}]}}