{"id":5679,"date":"2024-02-19T13:57:10","date_gmt":"2024-02-19T13:57:10","guid":{"rendered":"https:\/\/amsports.pl\/?post_type=product&#038;p=5679"},"modified":"2024-05-23T15:34:58","modified_gmt":"2024-05-23T15:34:58","slug":"romet-wagant-6-brazowo-czarny","status":"publish","type":"product","link":"https:\/\/amsports.pl\/?product=romet-wagant-6-brazowo-czarny","title":{"rendered":"ROMET WAGANT 6  br\u0105zowo &#8211; czarny"},"content":{"rendered":"<p>To rower, na 28 calowych ko\u0142ach, kt\u00f3rego najwi\u0119ksz\u0105 zalet\u0105 jest jego u\u017cytkow\u015b\u0107. Trekkingowy model przeznaczony dla m\u0119\u017cczyzn, kt\u00f3ry z powodzeniem opr\u00f3cz dalekich woja\u017cy mo\u017ce by\u0107 wykorzystywany przy codziennym przemieszczaniu si\u0119 po zat\u0142oczonym mie\u015bcie.<\/p>\n<p>Wagant jest nowoczesn\u0105 konstrukcj\u0105 wykonan\u0105 w pe\u0142ni z aluminium. Lekk\u0105 ram\u0119 cechuje odporno\u015b\u0107 na uszkodzenia mechaniczne. W ram\u0119 wpuszczone zosta\u0142y przewody od hamulc\u00f3w i przerzutek co zdecydowanie korzystnie wp\u0142ywa na ich \u017cywotno\u015b\u0107.<\/p>\n<p>Romet Wagant 6 to bardzo uniwersalny i bardzo dobrze wyposa\u017cony model. Seryjna specyfkacja zawiera elementy, u\u0142atwiaj\u0105ce dalsze podr\u00f3\u017ce oraz codzienn\u0105 eksploatacj\u0119. Os\u0142ona nap\u0119du wraz z b\u0142otnikami sprawi\u0105, \u017ce jesienna czy zimowa aura nie b\u0119d\u0105 przeszkod\u0105 w je\u017adzie, a solidny baga\u017cnik pozwoli zabra\u0107 najpotrzebniejsze przedmioty ze sob\u0105. O wygod\u0119 korzystania dba r\u00f3wnie\u017c regulowany wspornik kierownicy, dzi\u0119ki kt\u00f3remu w prosty spos\u00f3b mo\u017cna ustawi\u0107 odpowiedni\u0105 pozycj\u0119. Przedni amortyzator jest ju\u017c dawno standardem w tej klasie roweru, dlatego za t\u0142umienie nier\u00f3wno\u015bci na trasie dba sprawdzony Suntour o ugi\u0119ciu 63 mm. Wagant oferuje 24 prze\u0142o\u017cenia, kt\u00f3rych obs\u0142uga jest prosta za spraw\u0105 nap\u0119du Shimano w uk\u0142adzie 3\u00d78. Model wyposa\u017cony zosta\u0142 w hamulce tarczowe, kt\u00f3re dzia\u0142aj\u0105 niezale\u017cnie od pogody, i kt\u00f3re sprawdz\u0105 si\u0119 szczeg\u00f3lnie kiedy b\u0119dziemy jecha\u0107 z baga\u017cem. Wagant 6 jest dost\u0119pny w dw\u00f3ch wariantach kolorystycznych i trzech rozmiarach ramy.<\/p>\n","protected":false},"excerpt":{"rendered":"<p>Romet Wagant to dwa rowery w jednym. U\u017cytkowy, kt\u00f3ry mo\u017ce pos\u0142u\u017cy\u0107 nam za sprz\u0119t do codziennych dojazd\u00f3w, jak i maszyna wyprawowa, kt\u00f3r\u0105 mo\u017cemy obudowa\u0107 w sakwy i inne d\u0142ugodystansowe akcesoria i ruszy\u0107 ku przygodzie.<\/p>\n","protected":false},"featured_media":5680,"comment_status":"open","ping_status":"closed","template":"","meta":{"inline_featured_image":false},"product_cat":[78],"product_tag":[],"_links":{"self":[{"href":"https:\/\/amsports.pl\/index.php?rest_route=\/wp\/v2\/product\/5679"}],"collection":[{"href":"https:\/\/amsports.pl\/index.php?rest_route=\/wp\/v2\/product"}],"about":[{"href":"https:\/\/amsports.pl\/index.php?rest_route=\/wp\/v2\/types\/product"}],"replies":[{"embeddable":true,"href":"https:\/\/amsports.pl\/index.php?rest_route=%2Fwp%2Fv2%2Fcomments&post=5679"}],"wp:featuredmedia":[{"embeddable":true,"href":"https:\/\/amsports.pl\/index.php?rest_route=\/wp\/v2\/media\/5680"}],"wp:attachment":[{"href":"https:\/\/amsports.pl\/index.php?rest_route=%2Fwp%2Fv2%2Fmedia&parent=5679"}],"wp:term":[{"taxonomy":"product_cat","embeddable":true,"href":"https:\/\/amsports.pl\/index.php?rest_route=%2Fwp%2Fv2%2Fproduct_cat&post=5679"},{"taxonomy":"product_tag","embeddable":true,"href":"https:\/\/amsports.pl\/index.php?rest_route=%2Fwp%2Fv2%2Fproduct_tag&post=5679"}],"curies":[{"name":"wp","href":"https:\/\/api.w.org\/{rel}","templated":true}]}}