{"id":5692,"date":"2024-02-19T16:20:18","date_gmt":"2024-02-19T16:20:18","guid":{"rendered":"https:\/\/amsports.pl\/?post_type=product&#038;p=5692"},"modified":"2024-02-19T16:21:40","modified_gmt":"2024-02-19T16:21:40","slug":"stevens-taniwha-stealth-black","status":"publish","type":"product","link":"https:\/\/amsports.pl\/?product=stevens-taniwha-stealth-black","title":{"rendered":"STEVENS TANIWHA  stealth black"},"content":{"rendered":"<p>Ten wygodny hardtail STEVENS to atrakcyjna propozycja na pierwsze kilometry w terenie. W zale\u017cno\u015bci od rozmiaru ramy z ko\u0142ami 27,5 lub 29&#8243;. Dzi\u0119ki niezawodnym i solidnym komponentom SunRace, Shimano, Tektro i Oxygen jazda b\u0119dzie przyjemno\u015bci\u0105 przez d\u0142ugi czas &#8211; nawet przy rozmiarze ramy 24 cali.<\/p>\n<p>Rama aluminiowa o zoptymalizowanej masie z wewn\u0119trznym prowadzeniem kabli<br \/>\nOgromna gama rozmiar\u00f3w ram, od junior\u00f3w po rowerzyst\u00f3w o silnej budowie cia\u0142a<br \/>\nPrecyzyjnie responsywny widelec amortyzowany SR Suntour X1<br \/>\nSzeroko\u015b\u0107 kierownicy 740 mm zapewnia maksymaln\u0105 kontrol\u0119<br \/>\nErgonomiczny kokpit Riser z uchwytami blokuj\u0105cymi<\/p>\n","protected":false},"excerpt":{"rendered":"<p>Wierny towarzysz szlak\u00f3w.<\/p>\n<p>&nbsp;<\/p>\n<p>&nbsp;<\/p>\n","protected":false},"featured_media":5693,"comment_status":"open","ping_status":"closed","template":"","meta":{"inline_featured_image":false},"product_cat":[75],"product_tag":[],"_links":{"self":[{"href":"https:\/\/amsports.pl\/index.php?rest_route=\/wp\/v2\/product\/5692"}],"collection":[{"href":"https:\/\/amsports.pl\/index.php?rest_route=\/wp\/v2\/product"}],"about":[{"href":"https:\/\/amsports.pl\/index.php?rest_route=\/wp\/v2\/types\/product"}],"replies":[{"embeddable":true,"href":"https:\/\/amsports.pl\/index.php?rest_route=%2Fwp%2Fv2%2Fcomments&post=5692"}],"wp:featuredmedia":[{"embeddable":true,"href":"https:\/\/amsports.pl\/index.php?rest_route=\/wp\/v2\/media\/5693"}],"wp:attachment":[{"href":"https:\/\/amsports.pl\/index.php?rest_route=%2Fwp%2Fv2%2Fmedia&parent=5692"}],"wp:term":[{"taxonomy":"product_cat","embeddable":true,"href":"https:\/\/amsports.pl\/index.php?rest_route=%2Fwp%2Fv2%2Fproduct_cat&post=5692"},{"taxonomy":"product_tag","embeddable":true,"href":"https:\/\/amsports.pl\/index.php?rest_route=%2Fwp%2Fv2%2Fproduct_tag&post=5692"}],"curies":[{"name":"wp","href":"https:\/\/api.w.org\/{rel}","templated":true}]}}