{"id":5699,"date":"2024-02-19T16:36:54","date_gmt":"2024-02-19T16:36:54","guid":{"rendered":"https:\/\/amsports.pl\/?post_type=product&#038;p=5699"},"modified":"2025-07-01T16:28:20","modified_gmt":"2025-07-01T16:28:20","slug":"stevens-tabor-earth-green","status":"publish","type":"product","link":"https:\/\/amsports.pl\/?product=stevens-tabor-earth-green","title":{"rendered":"GIANT EXPLORE E+ 3 GTS space grey"},"content":{"rendered":"<div class=\"item col-md-4 col-sm-12\">\n<div class=\"item col-md-4 col-sm-12\">\n<p>Aluminiowa rama ALUXX z widelcem amortyzowanym 63mm i nowy silnik SyncDrive sport 70Nm\u00a0 zapewniaj\u0105 pewne, stabilne prowadzenie i szybkie przyspieszenie na wszystkich drogach, zar\u00f3wno na p\u0142askim jak i w terenie pag\u00f3rkowatym.<\/p>\n<p>RideControl Dash pozwala sprawdzi\u0107 zasi\u0119g, poziom na\u0142adowania baterii i tryb wsparcia, a tak\u017ce podstawowe dane , takie jak pr\u0119dko\u015b\u0107 i dystans.<\/p>\n<p>Akumulator EnergyPak 500 daje rowerzystom wolno\u015b\u0107, dzi\u0119ki kt\u00f3rej mog\u0105 zajecha\u0107 dalej.<\/p>\n<p>&nbsp;<\/p>\n<\/div>\n<\/div>\n","protected":false},"excerpt":{"rendered":"<p>Wyjed\u017a poza granice miasta i szukaj nowych przyg\u00f3d.<br \/>\nNowy Explore E+ u\u0142atwia to dzi\u0119ki nowemu, wydajnemu silnikowi i wi\u0119kszemu zasi\u0119gowi.<br \/>\nAmortyzowany widelec i szersze opony sprawiaj\u0105, \u017ce jest to wszechstronny rower na ka\u017cd\u0105 nawierzchni\u0119.<\/p>\n","protected":false},"featured_media":5808,"comment_status":"open","ping_status":"closed","template":"","meta":{"inline_featured_image":false},"product_cat":[83,78],"product_tag":[],"_links":{"self":[{"href":"https:\/\/amsports.pl\/index.php?rest_route=\/wp\/v2\/product\/5699"}],"collection":[{"href":"https:\/\/amsports.pl\/index.php?rest_route=\/wp\/v2\/product"}],"about":[{"href":"https:\/\/amsports.pl\/index.php?rest_route=\/wp\/v2\/types\/product"}],"replies":[{"embeddable":true,"href":"https:\/\/amsports.pl\/index.php?rest_route=%2Fwp%2Fv2%2Fcomments&post=5699"}],"wp:featuredmedia":[{"embeddable":true,"href":"https:\/\/amsports.pl\/index.php?rest_route=\/wp\/v2\/media\/5808"}],"wp:attachment":[{"href":"https:\/\/amsports.pl\/index.php?rest_route=%2Fwp%2Fv2%2Fmedia&parent=5699"}],"wp:term":[{"taxonomy":"product_cat","embeddable":true,"href":"https:\/\/amsports.pl\/index.php?rest_route=%2Fwp%2Fv2%2Fproduct_cat&post=5699"},{"taxonomy":"product_tag","embeddable":true,"href":"https:\/\/amsports.pl\/index.php?rest_route=%2Fwp%2Fv2%2Fproduct_tag&post=5699"}],"curies":[{"name":"wp","href":"https:\/\/api.w.org\/{rel}","templated":true}]}}