{"id":5708,"date":"2024-02-28T14:19:33","date_gmt":"2024-02-28T14:19:33","guid":{"rendered":"https:\/\/amsports.pl\/?post_type=product&#038;p=5708"},"modified":"2024-05-23T15:30:29","modified_gmt":"2024-05-23T15:30:29","slug":"romet-gazela-26-1-mietowo-zielona","status":"publish","type":"product","link":"https:\/\/amsports.pl\/?product=romet-gazela-26-1-mietowo-zielona","title":{"rendered":"ROMET GAZELA 26  1  mi\u0119towo &#8211; zielona"},"content":{"rendered":"<p>To wyj\u0105tkowo uniwersalny model damskiego roweru trekkingowego na ko\u0142ach o \u015brednicy 26 cali. Idealny na codzienne komfortowe przemieszczanie si\u0119 po mie\u015bcie, a tak\u017ce na dalsze, ambitniejsze wycieczki.<\/p>\n<p>Rama Gazeli to lekka, wykonana z aluminium konstrukcja, kt\u00f3ra powsta\u0142a specjalnie z przeznaczeniem dla kobiet. Wyr\u00f3\u017cnia si\u0119 niskim przekrokiem, co zdecydowanie podnosi komfort u\u017cytkowania.<\/p>\n<p>Wszechstronny model w szerokiej gamie damskich rower\u00f3w trekkingowych Romet posiada w pe\u0142ni kompletne wyposa\u017cenie. Elementy takie jak solidny baga\u017cnik tylny czy komplet b\u0142otnik\u00f3w oraz o\u015bwietlenia b\u0119dzie nieocenionym elementem codziennego u\u017cytkowania. Model wyposa\u017cony zosta\u0142 w amortyzowany widelec kt\u00f3ry zapewnia du\u017cy komfort jazdy. O to zadba r\u00f3wnie\u017c solidny nap\u0119d Shimano i jego 21 prze\u0142o\u017ce\u0144, kt\u00f3re wyr\u00f3zniaj\u0105 si\u0119 p\u0142ynno\u015bci\u0105 i szybko\u015bci\u0105 dzia\u0142ania. Gazela posiada hamulce typu V-break, kt\u00f3re wyr\u00f3zniaj\u0105 si\u0119 odpowiedni\u0105 skuteczno\u015bci\u0105 hamowania. W Gazeli znajduje si\u0119 r\u00f3wnie\u017c wygodne siode\u0142ko pozwalaj\u0105ce na rekreacyjn\u0105 jazd\u0119, a tak\u017ce regulowany wspornik kierownicy, dzi\u0119ki kt\u00f3remu ustawienie odpowiedniej pozycji jest wyj\u0105tkowo proste. Rower wyst\u0119puje w dw\u00f3ch rozmiarach ram oraz dw\u00f3ch opcjach kolorystycznych.<\/p>\n","protected":false},"excerpt":{"rendered":"<p>Romet Gazela to dwa rowery w jednym. U\u017cytkowy, kt\u00f3ry mo\u017ce pos\u0142u\u017cy\u0107 nam za sprz\u0119t do codziennych dojazd\u00f3w, jak i maszyna wyprawowa, kt\u00f3r\u0105 mo\u017cemy obudowa\u0107 w sakwy i inne d\u0142ugodystansowe akcesoria i ruszy\u0107 ku przygodzie.<\/p>\n","protected":false},"featured_media":5709,"comment_status":"open","ping_status":"closed","template":"","meta":{"inline_featured_image":false},"product_cat":[78],"product_tag":[],"_links":{"self":[{"href":"https:\/\/amsports.pl\/index.php?rest_route=\/wp\/v2\/product\/5708"}],"collection":[{"href":"https:\/\/amsports.pl\/index.php?rest_route=\/wp\/v2\/product"}],"about":[{"href":"https:\/\/amsports.pl\/index.php?rest_route=\/wp\/v2\/types\/product"}],"replies":[{"embeddable":true,"href":"https:\/\/amsports.pl\/index.php?rest_route=%2Fwp%2Fv2%2Fcomments&post=5708"}],"wp:featuredmedia":[{"embeddable":true,"href":"https:\/\/amsports.pl\/index.php?rest_route=\/wp\/v2\/media\/5709"}],"wp:attachment":[{"href":"https:\/\/amsports.pl\/index.php?rest_route=%2Fwp%2Fv2%2Fmedia&parent=5708"}],"wp:term":[{"taxonomy":"product_cat","embeddable":true,"href":"https:\/\/amsports.pl\/index.php?rest_route=%2Fwp%2Fv2%2Fproduct_cat&post=5708"},{"taxonomy":"product_tag","embeddable":true,"href":"https:\/\/amsports.pl\/index.php?rest_route=%2Fwp%2Fv2%2Fproduct_tag&post=5708"}],"curies":[{"name":"wp","href":"https:\/\/api.w.org\/{rel}","templated":true}]}}