{"id":5754,"date":"2024-07-25T10:46:41","date_gmt":"2024-07-25T10:46:41","guid":{"rendered":"https:\/\/amsports.pl\/?post_type=product&#038;p=5754"},"modified":"2026-02-20T16:07:17","modified_gmt":"2026-02-20T16:07:17","slug":"specialized-rockhopper-expert-29-gloss-electric-green-dark-moss-green","status":"publish","type":"product","link":"https:\/\/amsports.pl\/?product=specialized-rockhopper-expert-29-gloss-electric-green-dark-moss-green","title":{"rendered":"SPECIALIZED ROCKHOPPER EXPERT 29  gloss emerald"},"content":{"rendered":"<p class=\"sc-6660ae47-17 hktwbQ\">Przepraszam za chwalenie si\u0119, ale naprawd\u0119 prze\u015bcign\u0119li\u015bmy si\u0119 tutaj. Udowodnienie, \u017ce prawdziwa zdolno\u015b\u0107 do oswajania szlak\u00f3w nie musi mie\u0107 zastraszaj\u0105cej ceny &#8211; Rockhopper Expert jest kulminacj\u0105 30 lat redefinicji zwi\u0105zku mi\u0119dzy warto\u015bci\u0105 a wydajno\u015bci\u0105.<\/p>\n<p>Zacznij od starannie zaprojektowanej ramy aluminiowej Premium A1, dodaj nowoczesn\u0105 geometria, kt\u00f3ra pozwala jednemu spojrze\u0107 na wydajno\u015b\u0107, a drugie na pewne mo\u017cliwo\u015bci, a Ty masz solidne podstawy naszego najlepszego Rockhopper.<\/p>\n<p>Paruj to z list\u0105 cz\u0119\u015bci, kt\u00f3ra po prostu nie rezygnuje (czy mo\u017cemy uzyska\u0107 okrzyk na widelec RockShox Judy SoloAir i zawsze na\u0142adowane hydrauliczne hamulce tarczowe SRAM DB4?), a Ty masz urz\u0105dzenie bezd\u0119tkowe, SRAM NX 1&#215;12- equipipped Rockhopper, kt\u00f3ry jest absolutnie gotowy do lotu.<\/p>\n<ul>\n<li>\n<p class=\"sc-6660ae47-17 hktwbQ\">Z\u0142ote serce Rockhoppera, wykonane z lekkiego i wytrzyma\u0142ego aluminium Premium A1, to hydroformowana rama, stworzona w taki spos\u00f3b, by zachowa\u0107 nisk\u0105 mas\u0119 i wysok\u0105 wytrzyma\u0142o\u015b\u0107, a jednocze\u015bnie zapewni\u0107 wi\u0119kszy prze\u015bwit na opony, zgrabne wewn\u0119trzne prowadzenie kabli i kompatybilno\u015b\u0107 z regulowan\u0105 sztyc\u0105.<\/p>\n<\/li>\n<li>\n<p class=\"sc-6660ae47-17 hktwbQ\">Z my\u015bl\u0105 o zapewnieniu, \u017ce Rockhopper oferuje najlepsze dopasowanie i osi\u0105gi dla ka\u017cdego, niezale\u017cnie od wymiar\u00f3w, po\u0142\u0105czyli\u015bmy ka\u017cdy rozmiar ramy Rockhopper z optymalnym rozmiarem ko\u0142a. Efekt? Rockhopper dopasowany do ka\u017cdego rowerzysty i pewno\u015b\u0107, \u017ce ka\u017cdy Rockhopper toczy si\u0119 na kole o najlepszej kontroli dla swojego rozmiaru ramy.<\/p>\n<\/li>\n<li>\n<p class=\"sc-6660ae47-17 hktwbQ\">Pi\u0119knie drapie\u017cne, hydrauliczne hamulce tarczowe maj\u0105 mocne ugryzienie, ale oddaj\u0105 swoj\u0105 si\u0142\u0119 z wyrafinowanym, intuicyjnym wyczuciem \u2013 zestaw, kt\u00f3ry znacznie przewy\u017csza swoj\u0105 klas\u0119.<\/p>\n<\/li>\n<\/ul>\n","protected":false},"excerpt":{"rendered":"<p>Przepraszam za chwalenie si\u0119, ale naprawd\u0119 prze\u015bcign\u0119li\u015bmy si\u0119 tutaj. Udowodnienie, \u017ce prawdziwa zdolno\u015b\u0107 do oswajania szlak\u00f3w nie musi mie\u0107 zastraszaj\u0105cej ceny &#8211; Rockhopper Expert jest kulminacj\u0105 30 lat redefinicji zwi\u0105zku mi\u0119dzy warto\u015bci\u0105 a wydajno\u015bci\u0105.<\/p>\n","protected":false},"featured_media":6070,"comment_status":"open","ping_status":"closed","template":"","meta":{"inline_featured_image":false},"product_cat":[75],"product_tag":[],"_links":{"self":[{"href":"https:\/\/amsports.pl\/index.php?rest_route=\/wp\/v2\/product\/5754"}],"collection":[{"href":"https:\/\/amsports.pl\/index.php?rest_route=\/wp\/v2\/product"}],"about":[{"href":"https:\/\/amsports.pl\/index.php?rest_route=\/wp\/v2\/types\/product"}],"replies":[{"embeddable":true,"href":"https:\/\/amsports.pl\/index.php?rest_route=%2Fwp%2Fv2%2Fcomments&post=5754"}],"wp:featuredmedia":[{"embeddable":true,"href":"https:\/\/amsports.pl\/index.php?rest_route=\/wp\/v2\/media\/6070"}],"wp:attachment":[{"href":"https:\/\/amsports.pl\/index.php?rest_route=%2Fwp%2Fv2%2Fmedia&parent=5754"}],"wp:term":[{"taxonomy":"product_cat","embeddable":true,"href":"https:\/\/amsports.pl\/index.php?rest_route=%2Fwp%2Fv2%2Fproduct_cat&post=5754"},{"taxonomy":"product_tag","embeddable":true,"href":"https:\/\/amsports.pl\/index.php?rest_route=%2Fwp%2Fv2%2Fproduct_tag&post=5754"}],"curies":[{"name":"wp","href":"https:\/\/api.w.org\/{rel}","templated":true}]}}