{"id":5756,"date":"2024-07-25T10:50:17","date_gmt":"2024-07-25T10:50:17","guid":{"rendered":"https:\/\/amsports.pl\/?post_type=product&#038;p=5756"},"modified":"2026-02-20T16:05:33","modified_gmt":"2026-02-20T16:05:33","slug":"specialized-rockhopper-comp-29-gloss-purple-haze-astral-blue","status":"publish","type":"product","link":"https:\/\/amsports.pl\/?product=specialized-rockhopper-comp-29-gloss-purple-haze-astral-blue","title":{"rendered":"SPECIALIZED ROCKHOPPER COMP 29 gloss purple haze \/ astral blue"},"content":{"rendered":"<p><span class=\"HwtZe\" lang=\"pl\"><span class=\"jCAhz ChMk0b\"><span class=\"ryNqvb\">Serce ze z\u0142ota, wykonane z lekkiego, ale wytrzyma\u0142ego aluminium Premium A1, cieniowana aluminiowa rama Rockhoppera ma hydroformowane rury g\u00f3rne i dolne, aby utrzyma\u0107 nisk\u0105 wag\u0119 i wysok\u0105 wytrzyma\u0142o\u015b\u0107, a wszystko to zapewniaj\u0105c wi\u0119kszy prze\u015bwit, g\u0142adkie wewn\u0119trzne prowadzenie linek i kompatybilno\u015b\u0107 ze sztyc\u0105 regulowan\u0105<\/span><\/span> <span class=\"jCAhz\"><span class=\"ryNqvb\">. <\/span><\/span> <span class=\"jCAhz ChMk0b\"><span class=\"ryNqvb\">Aby mie\u0107 pewno\u015b\u0107, \u017ce Rockhopper oferuje zar\u00f3wno najlepsze dopasowanie, jak i najlepsz\u0105 wydajno\u015b\u0107 dla ka\u017cdej osoby, niezale\u017cnie od jej wzrostu, do ka\u017cdego rozmiaru ramy Rockhopper dopasowali\u015bmy optymalny rozmiar k\u00f3\u0142.<\/span><\/span> <span class=\"jCAhz ChMk0b\"><span class=\"ryNqvb\">Rezultatem jest Rockhopper pasuj\u0105cy do ka\u017cdego rowerzysty i pewno\u015b\u0107, \u017ce ka\u017cdy Rockhopper porusza si\u0119 na kole, kt\u00f3re najlepiej si\u0119 prowadzi w stosunku do rozmiaru ramy. <\/span><\/span> <span class=\"jCAhz ChMk0b\"><span class=\"ryNqvb\">Pi\u0119knie i bestialsko, hydrauliczne hamulce tarczowe Shimano BR-MT200 s\u0105 ostre, ale dostarczaj\u0105 swoj\u0105 moc w wyrafinowanym, intuicyjnym wyczuciu, tworz\u0105c pakiet, kt\u00f3ry przewy\u017csza swoj\u0105 klas\u0119 op\u0142acalno\u015bci. <\/span><\/span> <span class=\"jCAhz ChMk0b\"><span class=\"ryNqvb\">Zachowaj prostot\u0119 dzi\u0119ki wytrzyma\u0142emu uk\u0142adowi nap\u0119dowemu 1x Shimano o du\u017cym zakresie zasi\u0119gu i tylnej przerzutce wyposa\u017conej w sprz\u0119g\u0142o, kt\u00f3ra zapewnia cich\u0105 jazd\u0119 i za\u0142o\u017cony \u0142a\u0144cuch.<\/span><\/span><\/span><\/p>\n","protected":false},"excerpt":{"rendered":"<p><span class=\"HwtZe\" lang=\"pl\"><span class=\"jCAhz ChMk0b\"><span class=\"ryNqvb\">Rockhopper Comp, letni hit kinowy z wyczuciem przygody, \u017cyje pe\u0142n\u0105 akcji i szybkich zwrot\u00f3w akcji.<\/span><\/span> <span class=\"jCAhz ChMk0b\"><span class=\"ryNqvb\">Wyposa\u017cony jest w ram\u0119 z aluminium Premium A1 i debiutuje na singletracku. <\/span><\/span><span class=\"jCAhz ChMk0b\"><span class=\"ryNqvb\">Rzu\u0107 kredytami, aby odkry\u0107 RockShox Judy, zestaw k\u00f3\u0142 Specialized Alloy, hydrauliczne korki Shimano BR-MT200 i nap\u0119d 1&#215;10 Shimano o szerokim zakresie prze\u0142o\u017ce\u0144.<\/span><\/span> <span class=\"jCAhz ChMk0b\"><span class=\"ryNqvb\">Masz wsparcie ze strony drugoplanowej obsady, kt\u00f3ra jest w ca\u0142o\u015bci thrillerem, bez wype\u0142niaczy, ale nigdy nie pozostawi Ci\u0119 w zawieszeniu.<\/span><\/span><\/span><\/p>\n","protected":false},"featured_media":5758,"comment_status":"open","ping_status":"closed","template":"","meta":{"inline_featured_image":false},"product_cat":[75],"product_tag":[],"_links":{"self":[{"href":"https:\/\/amsports.pl\/index.php?rest_route=\/wp\/v2\/product\/5756"}],"collection":[{"href":"https:\/\/amsports.pl\/index.php?rest_route=\/wp\/v2\/product"}],"about":[{"href":"https:\/\/amsports.pl\/index.php?rest_route=\/wp\/v2\/types\/product"}],"replies":[{"embeddable":true,"href":"https:\/\/amsports.pl\/index.php?rest_route=%2Fwp%2Fv2%2Fcomments&post=5756"}],"wp:featuredmedia":[{"embeddable":true,"href":"https:\/\/amsports.pl\/index.php?rest_route=\/wp\/v2\/media\/5758"}],"wp:attachment":[{"href":"https:\/\/amsports.pl\/index.php?rest_route=%2Fwp%2Fv2%2Fmedia&parent=5756"}],"wp:term":[{"taxonomy":"product_cat","embeddable":true,"href":"https:\/\/amsports.pl\/index.php?rest_route=%2Fwp%2Fv2%2Fproduct_cat&post=5756"},{"taxonomy":"product_tag","embeddable":true,"href":"https:\/\/amsports.pl\/index.php?rest_route=%2Fwp%2Fv2%2Fproduct_tag&post=5756"}],"curies":[{"name":"wp","href":"https:\/\/api.w.org\/{rel}","templated":true}]}}