{"id":5794,"date":"2024-09-11T14:46:59","date_gmt":"2024-09-11T14:46:59","guid":{"rendered":"https:\/\/amsports.pl\/?post_type=product&#038;p=5794"},"modified":"2025-06-09T15:17:18","modified_gmt":"2025-06-09T15:17:18","slug":"giant-talon-24-disc-trekking-green","status":"publish","type":"product","link":"https:\/\/amsports.pl\/?product=giant-talon-24-disc-trekking-green","title":{"rendered":"GIANT TALON 24 DISC  trekking green"},"content":{"rendered":"<div class=\"lRu31\" dir=\"ltr\">\n<p><span class=\"HwtZe\" lang=\"pl\"><span class=\"jCAhz ChMk0b\"><span class=\"ryNqvb\">Kr\u00f3tsza rura podsiod\u0142owa z ni\u017cszym suportem i przekrokiem tworzy ni\u017cszy \u015brodek ci\u0119\u017cko\u015bci, co zapewnia wi\u0119ksz\u0105 stabilno\u015b\u0107 i zwrotno\u015b\u0107 na drogach gruntowych i szlakach. Wybrane modele s\u0105 wyposa\u017cone w widelec amortyzowany o skoku 50 mm, co zapewnia dodatkow\u0105 kontrol\u0119 na nier\u00f3wnym terenie.<\/span><\/span><\/span><\/p>\n<div id=\"ow15\"><span class=\"HwtZe\" lang=\"pl\"><span class=\"jCAhz ChMk0b\"><span class=\"ryNqvb\">Mniejsza \u015brednica kierownicy (25 mm) i d\u017awignie hamulca o kr\u00f3tkim zasi\u0119gu zapewniaj\u0105 lepsz\u0105 przyczepno\u015b\u0107 i kontrol\u0119 dla mniejszych d\u0142oni. Kr\u00f3tsze korby zapewniaj\u0105 p\u0142ynne peda\u0142owanie i zapobiegaj\u0105 uderzaniu peda\u0142\u00f3w o pod\u0142o\u017ce podczas pokonywania zakr\u0119t\u00f3w.<\/span><\/span><\/span><\/div>\n<div><\/div>\n<\/div>\n<div class=\"UdTY9 WdefRb\" aria-hidden=\"true\" data-location=\"2\">\n<div class=\"kO6q6e\"><\/div>\n<\/div>\n<div class=\"XL3Kf XExWNc\">\n<div class=\"a8FIud\">\n<div data-show-delay-ms=\"250\" data-append-to-body=\"false\" data-propagate-tooltip-mouseover-events=\"true\" data-anchor-corner=\"bottom-end\" data-enable-skip-handler=\"false\" data-popup-corner=\"top-end\">\n<div class=\"dig2sb\"><\/div>\n<\/div>\n<\/div>\n<\/div>\n<div class=\"ebT7ne VOLvac sMVRZe\">\n<div class=\"F0pQVc\"><\/div>\n<\/div>\n<div class=\"VO9ucd\">\n<div class=\"aJIq1d\" dir=\"ltr\" data-language-code=\"pl\" data-language-name=\"polski\" data-text=\"Kr\u00f3tsza rura podsiod\u0142owa z ni\u017cszym suportem i przekrokiem tworzy ni\u017cszy \u015brodek ci\u0119\u017cko\u015bci, co zapewnia wi\u0119ksz\u0105 stabilno\u015b\u0107 i zwrotno\u015b\u0107 na drogach gruntowych i szlakach. Wybrane modele s\u0105 wyposa\u017cone w widelec amortyzowany o skoku 50 mm, co zapewnia dodatkow\u0105 kontrol\u0119 na nier\u00f3wnym terenie.\" data-crosslingual-hint=\"\" data-location=\"2\" data-enable-toggle-playback-speed=\"true\" data-results-count=\"1\" data-result-index=\"1\">\n<div class=\"m0Qfkd\"><\/div>\n<\/div>\n<\/div>\n","protected":false},"excerpt":{"rendered":"<p><span class=\"HwtZe\" lang=\"pl\"><span class=\"jCAhz ChMk0b\"><span class=\"ryNqvb\">Od przyg\u00f3d w okolicy po rodzinne wycieczki szlakowe, ten rower g\u00f3rski stworzony dla dzieci u\u0142atwia jazd\u0119 m\u0142odym rowerzystom. Konstrukcja ramy i komponenty inspiruj\u0105 pewno\u015b\u0107 siebie i kontrol\u0119, pomagaj\u0105c im rozwija\u0107 umiej\u0119tno\u015bci jazdy w terenie.<\/span><\/span><\/span><\/p>\n<h4><\/h4>\n","protected":false},"featured_media":5795,"comment_status":"open","ping_status":"closed","template":"","meta":{"inline_featured_image":false},"product_cat":[80],"product_tag":[],"_links":{"self":[{"href":"https:\/\/amsports.pl\/index.php?rest_route=\/wp\/v2\/product\/5794"}],"collection":[{"href":"https:\/\/amsports.pl\/index.php?rest_route=\/wp\/v2\/product"}],"about":[{"href":"https:\/\/amsports.pl\/index.php?rest_route=\/wp\/v2\/types\/product"}],"replies":[{"embeddable":true,"href":"https:\/\/amsports.pl\/index.php?rest_route=%2Fwp%2Fv2%2Fcomments&post=5794"}],"wp:featuredmedia":[{"embeddable":true,"href":"https:\/\/amsports.pl\/index.php?rest_route=\/wp\/v2\/media\/5795"}],"wp:attachment":[{"href":"https:\/\/amsports.pl\/index.php?rest_route=%2Fwp%2Fv2%2Fmedia&parent=5794"}],"wp:term":[{"taxonomy":"product_cat","embeddable":true,"href":"https:\/\/amsports.pl\/index.php?rest_route=%2Fwp%2Fv2%2Fproduct_cat&post=5794"},{"taxonomy":"product_tag","embeddable":true,"href":"https:\/\/amsports.pl\/index.php?rest_route=%2Fwp%2Fv2%2Fproduct_tag&post=5794"}],"curies":[{"name":"wp","href":"https:\/\/api.w.org\/{rel}","templated":true}]}}