{"id":5804,"date":"2024-09-11T15:19:56","date_gmt":"2024-09-11T15:19:56","guid":{"rendered":"https:\/\/amsports.pl\/?post_type=product&#038;p=5804"},"modified":"2025-06-09T15:18:28","modified_gmt":"2025-06-09T15:18:28","slug":"giant-stp-24-fs-black","status":"publish","type":"product","link":"https:\/\/amsports.pl\/?product=giant-stp-24-fs-black","title":{"rendered":"GIANT STP 24 FS  black"},"content":{"rendered":"<div class=\"lRu31\" dir=\"ltr\">\n<p>Lekka, mocna i wytrzyma\u0142a aluminowa rama zosta\u0142a zaprojektowana do jazdy po ulicach oraz bike parkach i \u015bcie\u017ckach.Geometria ramy zosta\u0142a zaprojektowana z my\u015bl\u0105 o m\u0142odych rowerzystach. Wykorzystuje ona 24 calowe ko\u0142a, nisko poprowadzon\u0105 g\u00f3rn\u0105 rur\u0119 oraz wy\u017csz\u0105 g\u0142\u00f3wk\u0119 ramy dla osi\u0105gni\u0119cia stabilnego prowadzenia.Hamulce tarczowe oferuj\u0105 du\u017c\u0105 moc hamowania, a amortyzowany widelec (w wybranych modelach) z mo\u017cliwo\u015bci\u0105 blokady daje rowerzy\u015bcie pe\u0142n\u0105 kontrol\u0119.<\/p>\n<\/div>\n<div class=\"UdTY9 WdefRb\" aria-hidden=\"true\" data-location=\"2\">\n<div class=\"kO6q6e\"><\/div>\n<\/div>\n<div class=\"XL3Kf XExWNc\">\n<div class=\"a8FIud\">\n<div data-show-delay-ms=\"250\" data-append-to-body=\"false\" data-propagate-tooltip-mouseover-events=\"true\" data-anchor-corner=\"bottom-end\" data-enable-skip-handler=\"false\" data-popup-corner=\"top-end\">\n<div class=\"dig2sb\"><\/div>\n<\/div>\n<\/div>\n<\/div>\n<div class=\"ebT7ne VOLvac sMVRZe\">\n<div class=\"F0pQVc\"><\/div>\n<\/div>\n<div class=\"VO9ucd\">\n<div class=\"aJIq1d\" dir=\"ltr\" data-language-code=\"pl\" data-language-name=\"polski\" data-text=\"Kr\u00f3tsza rura podsiod\u0142owa z ni\u017cszym suportem i przekrokiem tworzy ni\u017cszy \u015brodek ci\u0119\u017cko\u015bci, co zapewnia wi\u0119ksz\u0105 stabilno\u015b\u0107 i zwrotno\u015b\u0107 na drogach gruntowych i szlakach. Wybrane modele s\u0105 wyposa\u017cone w widelec amortyzowany o skoku 50 mm, co zapewnia dodatkow\u0105 kontrol\u0119 na nier\u00f3wnym terenie.\" data-crosslingual-hint=\"\" data-location=\"2\" data-enable-toggle-playback-speed=\"true\" data-results-count=\"1\" data-result-index=\"1\">\n<div class=\"m0Qfkd\"><\/div>\n<\/div>\n<\/div>\n","protected":false},"excerpt":{"rendered":"<h4 class=\"headline\">Zaprojektowany z my\u015bl\u0105 o m\u0142odych rowerzystach chc\u0105cych bawi\u0107 si\u0119 na dircie, pump tracku lub w bike parku. Ten ma\u0142y przecinak zosta\u0142 zbudowany na lekkiej ale wytrzyma\u0142ej aluminiowej ramie i doskonale dopasowanych 24 calowych ko\u0142ach.<\/h4>\n<p><span class=\"HwtZe\" lang=\"pl\"><span class=\"jCAhz ChMk0b\"><span class=\"ryNqvb\">\u00a0<\/span><\/span><\/span><\/p>\n<h4><\/h4>\n","protected":false},"featured_media":5805,"comment_status":"open","ping_status":"closed","template":"","meta":{"inline_featured_image":false},"product_cat":[80],"product_tag":[],"_links":{"self":[{"href":"https:\/\/amsports.pl\/index.php?rest_route=\/wp\/v2\/product\/5804"}],"collection":[{"href":"https:\/\/amsports.pl\/index.php?rest_route=\/wp\/v2\/product"}],"about":[{"href":"https:\/\/amsports.pl\/index.php?rest_route=\/wp\/v2\/types\/product"}],"replies":[{"embeddable":true,"href":"https:\/\/amsports.pl\/index.php?rest_route=%2Fwp%2Fv2%2Fcomments&post=5804"}],"wp:featuredmedia":[{"embeddable":true,"href":"https:\/\/amsports.pl\/index.php?rest_route=\/wp\/v2\/media\/5805"}],"wp:attachment":[{"href":"https:\/\/amsports.pl\/index.php?rest_route=%2Fwp%2Fv2%2Fmedia&parent=5804"}],"wp:term":[{"taxonomy":"product_cat","embeddable":true,"href":"https:\/\/amsports.pl\/index.php?rest_route=%2Fwp%2Fv2%2Fproduct_cat&post=5804"},{"taxonomy":"product_tag","embeddable":true,"href":"https:\/\/amsports.pl\/index.php?rest_route=%2Fwp%2Fv2%2Fproduct_tag&post=5804"}],"curies":[{"name":"wp","href":"https:\/\/api.w.org\/{rel}","templated":true}]}}