{"id":5887,"date":"2025-03-19T12:05:12","date_gmt":"2025-03-19T12:05:12","guid":{"rendered":"https:\/\/amsports.pl\/?post_type=product&#038;p=5887"},"modified":"2026-02-19T17:36:01","modified_gmt":"2026-02-19T17:36:01","slug":"marin-san-quentin-1-29-brazowo-czerwony","status":"publish","type":"product","link":"https:\/\/amsports.pl\/?product=marin-san-quentin-1-29-brazowo-czerwony","title":{"rendered":"MARIN SAN QUENTIN 1  29  czarny"},"content":{"rendered":"<p>San Quentin 1 to nasz hardkorowy hardtail, kt\u00f3ry wygl\u0105da i je\u017adzi jak rower dwukrotnie dro\u017cszy. Bo dlaczego mniej dolar\u00f3w w banku mia\u0142oby oznacza\u0107 mniej dobrych czas\u00f3w na szlakach?<\/p>\n<p>Spakowali\u015bmy widelec amortyzowany SR Suntour XCM34, opony Vee Tire Co, hamulce tarczowe Tektro i mn\u00f3stwo niesamowitych komponent\u00f3w Marin, aby stworzy\u0107 rower, kt\u00f3ry pokochasz, ale kt\u00f3ry nie zniszczy Twojego bud\u017cetu. A my nadali\u015bmy mu kiepskie malowanie, kt\u00f3re b\u0119dzie pasowa\u0107 do tych rower\u00f3w za du\u017ce pieni\u0105dze.<\/p>\n","protected":false},"excerpt":{"rendered":"<p>San Quentin jest przeznaczony dla agresywnych rowerzyst\u00f3w hardtailowych, kt\u00f3rzy szukaj\u0105 po\u0142\u0105czenia mo\u017cliwo\u015bci jazdy po singletrackach i d\u0142u\u017cszego czasu sp\u0119dzonego w powietrzu.<\/p>\n","protected":false},"featured_media":6154,"comment_status":"open","ping_status":"closed","template":"","meta":{"inline_featured_image":false},"product_cat":[82,75],"product_tag":[],"_links":{"self":[{"href":"https:\/\/amsports.pl\/index.php?rest_route=\/wp\/v2\/product\/5887"}],"collection":[{"href":"https:\/\/amsports.pl\/index.php?rest_route=\/wp\/v2\/product"}],"about":[{"href":"https:\/\/amsports.pl\/index.php?rest_route=\/wp\/v2\/types\/product"}],"replies":[{"embeddable":true,"href":"https:\/\/amsports.pl\/index.php?rest_route=%2Fwp%2Fv2%2Fcomments&post=5887"}],"wp:featuredmedia":[{"embeddable":true,"href":"https:\/\/amsports.pl\/index.php?rest_route=\/wp\/v2\/media\/6154"}],"wp:attachment":[{"href":"https:\/\/amsports.pl\/index.php?rest_route=%2Fwp%2Fv2%2Fmedia&parent=5887"}],"wp:term":[{"taxonomy":"product_cat","embeddable":true,"href":"https:\/\/amsports.pl\/index.php?rest_route=%2Fwp%2Fv2%2Fproduct_cat&post=5887"},{"taxonomy":"product_tag","embeddable":true,"href":"https:\/\/amsports.pl\/index.php?rest_route=%2Fwp%2Fv2%2Fproduct_tag&post=5887"}],"curies":[{"name":"wp","href":"https:\/\/api.w.org\/{rel}","templated":true}]}}