{"id":6015,"date":"2025-09-15T15:50:57","date_gmt":"2025-09-15T15:50:57","guid":{"rendered":"https:\/\/amsports.pl\/?post_type=product&#038;p=6015"},"modified":"2025-09-16T09:34:52","modified_gmt":"2025-09-16T09:34:52","slug":"specialized-diverge-4-sport-emerald-metallic","status":"publish","type":"product","link":"https:\/\/amsports.pl\/?product=specialized-diverge-4-sport-emerald-metallic","title":{"rendered":"SPECIALIZED DIVERGE 4 SPORT CARBON  emerald metallic"},"content":{"rendered":"<p>Najzwinniejszy Diverge w historii, dostosowany do ka\u017cdego rowerzysty, niezale\u017cnie od postury.<\/p>\n<div>\n<div class=\"sc-cfe171c9-2 hRordG\">\n<p class=\"sc-f9ae351c-9 dJBpOp\">Rama: Specialized Diverge FACT 9r carbon, SWAT\u2122 Door integration, Future Shock suspension, threaded BB, internal routing, 12x142mm thru-axle, flat-mount disc, UDH dropout<\/p>\n<\/div>\n<\/div>\n<p>Prze\u015bwit na opony do 50 mm (700c), co zapewnia \u015bwietn\u0105 przyczepno\u015b\u0107, mniej przebi\u0107 i komfort na najwy\u017cszym poziomie. Ta nowa norma prze\u015bwitu, opracowana przy udziale Factory Off-Road Team, idealnie pasuje do szybkiego \u015bcigania i trudnych wypraw. Zmie\u015bci r\u00f3wnie\u017c opony MTB 2,2\u201d<\/p>\n<p>Future Shock nie tylko eliminuje nieustanne wibracje z szutrowej drogi, ale r\u00f3wnie\u017c ogranicza najwi\u0119ksze uderzenia przenoszone na kierownic\u0119 i siode\u0142ko o 53% w por\u00f3wnaniu z konkurencj\u0105. Mniej wibracji, mniej zm\u0119czenia i lepsza przyczepno\u015b\u0107 w trudnym terenie. Future Shock 3.0 to nie tylko wra\u017cenie pr\u0119dko\u015bci\u2014to pr\u0119dko\u015b\u0107 w czystej formie.<\/p>\n<p>SWAT 4.0 to najbardziej zaawansowany system wbudowanego przechowywania ekwipunku w rowerach gravelowych. Dzi\u0119ki zlicowanej z ram\u0105 pokrywie z d\u017awigni\u0105 i najwi\u0119kszemu otworowi w kategorii gravel, mie\u015bci bez problemu wszystko: d\u0119tki, naboje CO2, kurtk\u0119, narz\u0119dzia, czy te\u017c przek\u0105ski i to wszystko naraz.<\/p>\n<p>&nbsp;<\/p>\n","protected":false},"excerpt":{"rendered":"<p><span class=\"HwtZe\" lang=\"pl\">Przystosowany do \u015bcigania. Zatwierdzony na przygody. Rower gravelowy Diverge 4 carbon powsta\u0142 z my\u015bl\u0105 o wy\u015bcigach na pe\u0142nym gazie i wyprawach po bezdro\u017cach. Future Shock 3.1, nasza najzwinniejsza rama w historii, ogromny prze\u015bwit na opony i najwi\u0119kszy schowek w gravelach\u2014najlepszy rower gravelowy sta\u0142 si\u0119 jeszcze lepszy. Go\u0144 horyzont lub rywali\u2014\u015bwietnie robi jedno i drugie.<\/span><\/p>\n","protected":false},"featured_media":6016,"comment_status":"open","ping_status":"closed","template":"","meta":{"inline_featured_image":false},"product_cat":[76],"product_tag":[],"_links":{"self":[{"href":"https:\/\/amsports.pl\/index.php?rest_route=\/wp\/v2\/product\/6015"}],"collection":[{"href":"https:\/\/amsports.pl\/index.php?rest_route=\/wp\/v2\/product"}],"about":[{"href":"https:\/\/amsports.pl\/index.php?rest_route=\/wp\/v2\/types\/product"}],"replies":[{"embeddable":true,"href":"https:\/\/amsports.pl\/index.php?rest_route=%2Fwp%2Fv2%2Fcomments&post=6015"}],"wp:featuredmedia":[{"embeddable":true,"href":"https:\/\/amsports.pl\/index.php?rest_route=\/wp\/v2\/media\/6016"}],"wp:attachment":[{"href":"https:\/\/amsports.pl\/index.php?rest_route=%2Fwp%2Fv2%2Fmedia&parent=6015"}],"wp:term":[{"taxonomy":"product_cat","embeddable":true,"href":"https:\/\/amsports.pl\/index.php?rest_route=%2Fwp%2Fv2%2Fproduct_cat&post=6015"},{"taxonomy":"product_tag","embeddable":true,"href":"https:\/\/amsports.pl\/index.php?rest_route=%2Fwp%2Fv2%2Fproduct_tag&post=6015"}],"curies":[{"name":"wp","href":"https:\/\/api.w.org\/{rel}","templated":true}]}}