{"id":6048,"date":"2026-02-10T14:05:25","date_gmt":"2026-02-10T14:05:25","guid":{"rendered":"https:\/\/amsports.pl\/?post_type=product&#038;p=6048"},"modified":"2026-02-10T14:06:49","modified_gmt":"2026-02-10T14:06:49","slug":"specialized-rockhopper-275-gloss-lagoon-blue","status":"publish","type":"product","link":"https:\/\/amsports.pl\/?product=specialized-rockhopper-275-gloss-lagoon-blue","title":{"rendered":"SPECIALIZED ROCKHOPPER 27,5  gloss lagoon blue"},"content":{"rendered":"<p>Niezawodny uk\u0142ad nap\u0119dowy Shimano 2&#215;9, kt\u00f3ry poradzi sobie ze wszystkim, co zrzucisz,<br \/>\na pewne hamowanie zapewniane przez hydrauliczne hamulce tarczowe Shimano stanowi sukces stulecia.<br \/>\nSerce ze z\u0142ota, zaprezentowane w naszym lekkim, ale wytrzyma\u0142ym aluminium Premium A1, cieniowana aluminiowa rama Rockhopper ma hydroformowane g\u00f3rne i dolne rury, aby utrzyma\u0107 nisk\u0105 wag\u0119 i wysok\u0105 wytrzyma\u0142o\u015b\u0107, a wszystko to przy jednoczesnym zapewnieniu wi\u0119kszego przekroku, zgrabnego wewn\u0119trznego prowadzenia linek.<br \/>\nMaj\u0105c na celu upewnienie si\u0119, \u017ce Rockhopper oferuje zar\u00f3wno najlepsze dopasowanie, jak i najlepsze osi\u0105gi dla ka\u017cdej osoby, bez wzgl\u0119du na jej wymiary, po\u0142\u0105czyli\u015bmy ka\u017cdy rozmiar ramy Rockhopper z optymalnym rozmiarem k\u00f3\u0142. Rezultatem jest Rockhopper pasuj\u0105cy do ka\u017cdego rowerzysty i pewno\u015b\u0107, \u017ce ka\u017cdy Rockhopper toczy si\u0119 na najlepiej prowadz\u0105cym si\u0119 kole dla swojego rozmiaru ramy.<br \/>\nPrzenosz\u0105c nasz Rx Tune do Rockhopper po raz pierwszy, wyposa\u017cony w SR Suntour XCM zapewnia skok i spr\u0119\u017cyny specyficzne dla rozmiaru na pokaz w osi\u0105gach, kt\u00f3re z pewno\u015bci\u0105 imponuj\u0105, zapewniaj\u0105c jednocze\u015bnie sp\u00f3jn\u0105 geometri\u0119, prowadzenie i dzia\u0142anie zawieszenia, niezale\u017cnie od rozmiaru ramy lub ko\u0142a.<\/p>\n","protected":false},"excerpt":{"rendered":"<p>Lepsza wydajno\u015b\u0107. Lepsza warto\u015b\u0107. Lepszy Rockhopper. Wykorzystuj\u0105c zalety dopasowania i prowadzenia, jakie daje dopasowanie ka\u017cdego rowerzysty do idealnego rozmiaru k\u00f3\u0142 i zawieszenia, kt\u00f3re dzia\u0142a najmocniej dla wszystkich dzi\u0119ki naszemu dostosowanemu do rozmiaru Rx Tune, zwi\u0119kszyli\u015bmy osi\u0105gi ca\u0142kowicie nowego Rockhoppera bez podnoszenia ceny.<\/p>\n","protected":false},"featured_media":6044,"comment_status":"open","ping_status":"closed","template":"","meta":{"inline_featured_image":false},"product_cat":[75],"product_tag":[],"_links":{"self":[{"href":"https:\/\/amsports.pl\/index.php?rest_route=\/wp\/v2\/product\/6048"}],"collection":[{"href":"https:\/\/amsports.pl\/index.php?rest_route=\/wp\/v2\/product"}],"about":[{"href":"https:\/\/amsports.pl\/index.php?rest_route=\/wp\/v2\/types\/product"}],"replies":[{"embeddable":true,"href":"https:\/\/amsports.pl\/index.php?rest_route=%2Fwp%2Fv2%2Fcomments&post=6048"}],"wp:featuredmedia":[{"embeddable":true,"href":"https:\/\/amsports.pl\/index.php?rest_route=\/wp\/v2\/media\/6044"}],"wp:attachment":[{"href":"https:\/\/amsports.pl\/index.php?rest_route=%2Fwp%2Fv2%2Fmedia&parent=6048"}],"wp:term":[{"taxonomy":"product_cat","embeddable":true,"href":"https:\/\/amsports.pl\/index.php?rest_route=%2Fwp%2Fv2%2Fproduct_cat&post=6048"},{"taxonomy":"product_tag","embeddable":true,"href":"https:\/\/amsports.pl\/index.php?rest_route=%2Fwp%2Fv2%2Fproduct_tag&post=6048"}],"curies":[{"name":"wp","href":"https:\/\/api.w.org\/{rel}","templated":true}]}}