{"id":6051,"date":"2026-02-10T14:29:49","date_gmt":"2026-02-10T14:29:49","guid":{"rendered":"https:\/\/amsports.pl\/?post_type=product&#038;p=6051"},"modified":"2026-02-10T14:34:10","modified_gmt":"2026-02-10T14:34:10","slug":"specialized-rockhopper-sport-29-gloss-dune-white","status":"publish","type":"product","link":"https:\/\/amsports.pl\/?product=specialized-rockhopper-sport-29-gloss-dune-white","title":{"rendered":"SPECIALIZED ROCKHOPPER SPORT 29  gloss dune white"},"content":{"rendered":"<p><span class=\"HwtZe\" lang=\"pl\"><span class=\"jCAhz ChMk0b\"><span class=\"ryNqvb\">Serce ze z\u0142ota, wykonane z lekkiego, ale wytrzyma\u0142ego aluminium Premium A1, cieniowana aluminiowa rama Rockhoppera ma hydroformowane rury g\u00f3rne i dolne, aby utrzyma\u0107 nisk\u0105 wag\u0119 i wysok\u0105 wytrzyma\u0142o\u015b\u0107, a wszystko to zapewniaj\u0105c wi\u0119kszy prze\u015bwit, g\u0142adkie wewn\u0119trzne prowadzenie linek i kompatybilno\u015b\u0107 ze sztyc\u0105 regulowan\u0105<\/span><\/span> <span class=\"jCAhz\"><span class=\"ryNqvb\">. <\/span><\/span> <span class=\"jCAhz ChMk0b\"><span class=\"ryNqvb\">Aby mie\u0107 pewno\u015b\u0107, \u017ce Rockhopper oferuje zar\u00f3wno najlepsze dopasowanie, jak i najlepsz\u0105 wydajno\u015b\u0107 dla ka\u017cdej osoby, niezale\u017cnie od jej wzrostu, do ka\u017cdego rozmiaru ramy Rockhopper dopasowali\u015bmy optymalny rozmiar k\u00f3\u0142.<\/span><\/span> <span class=\"jCAhz ChMk0b\"><span class=\"ryNqvb\">Rezultatem jest Rockhopper pasuj\u0105cy do ka\u017cdego rowerzysty i pewno\u015b\u0107, \u017ce ka\u017cdy Rockhopper porusza si\u0119 na kole, kt\u00f3re najlepiej si\u0119 prowadzi w stosunku do rozmiaru ramy. <\/span><\/span> <span class=\"jCAhz ChMk0b\"><span class=\"ryNqvb\">Wprowadzaj\u0105c po raz pierwszy nasz Rx Tune do Rockhoppera, wyposa\u017cony w blokad\u0119 SR Suntour XCM z niestandardowym t\u0142umieniem Multi-Circuit zapewnia skok i sztywno\u015b\u0107 spr\u0119\u017cyny dostosowane do rozmiaru, zapewniaj\u0105c wydajno\u015b\u0107, kt\u00f3ra z pewno\u015bci\u0105 zrobi wra\u017cenie, zapewniaj\u0105c jednocze\u015bnie sta\u0142\u0105 geometri\u0119 i obs\u0142ug\u0119<\/span><\/span> <span class=\"jCAhz ChMk0b\"><span class=\"ryNqvb\">i wydajno\u015b\u0107 zawieszenia, niezale\u017cnie od rozmiaru ramy i k\u00f3\u0142. <\/span><\/span> <span class=\"jCAhz ChMk0b\"><span class=\"ryNqvb\">Pi\u0119knie bestialskie, hydrauliczne hamulce tarczowe Tektro s\u0105 ostre, ale zapewniaj\u0105 swoj\u0105 moc w wyrafinowanym, intuicyjnym wyczuciu, tworz\u0105c pakiet, kt\u00f3ry przewy\u017csza swoj\u0105 klas\u0119 op\u0142acalno\u015bci. <\/span><\/span> <span class=\"jCAhz ChMk0b\"><span class=\"ryNqvb\">Zachowaj prostot\u0119 dzi\u0119ki wytrzyma\u0142emu uk\u0142adowi nap\u0119dowemu 1x Shimano o du\u017cym zakresie zasi\u0119gu i tylnej przerzutce wyposa\u017conej w sprz\u0119g\u0142o, kt\u00f3ra zapewnia cich\u0105 jazd\u0119 i za\u0142o\u017cony \u0142a\u0144cuch.<\/span><\/span><\/span><\/p>\n","protected":false},"excerpt":{"rendered":"<p>Lepsza wydajno\u015b\u0107. Lepsza warto\u015b\u0107. Lepszy Rockhopper. Wykorzystuj\u0105c zalety dopasowania i prowadzenia, jakie daje dopasowanie ka\u017cdego rowerzysty do idealnego rozmiaru k\u00f3\u0142 i zawieszenia, kt\u00f3re dzia\u0142a najmocniej dla wszystkich dzi\u0119ki naszemu dostosowanemu do rozmiaru Rx Tune, zwi\u0119kszyli\u015bmy osi\u0105gi ca\u0142kowicie nowego Rockhoppera bez podnoszenia ceny.<\/p>\n","protected":false},"featured_media":6052,"comment_status":"open","ping_status":"closed","template":"","meta":{"inline_featured_image":false},"product_cat":[75],"product_tag":[],"_links":{"self":[{"href":"https:\/\/amsports.pl\/index.php?rest_route=\/wp\/v2\/product\/6051"}],"collection":[{"href":"https:\/\/amsports.pl\/index.php?rest_route=\/wp\/v2\/product"}],"about":[{"href":"https:\/\/amsports.pl\/index.php?rest_route=\/wp\/v2\/types\/product"}],"replies":[{"embeddable":true,"href":"https:\/\/amsports.pl\/index.php?rest_route=%2Fwp%2Fv2%2Fcomments&post=6051"}],"wp:featuredmedia":[{"embeddable":true,"href":"https:\/\/amsports.pl\/index.php?rest_route=\/wp\/v2\/media\/6052"}],"wp:attachment":[{"href":"https:\/\/amsports.pl\/index.php?rest_route=%2Fwp%2Fv2%2Fmedia&parent=6051"}],"wp:term":[{"taxonomy":"product_cat","embeddable":true,"href":"https:\/\/amsports.pl\/index.php?rest_route=%2Fwp%2Fv2%2Fproduct_cat&post=6051"},{"taxonomy":"product_tag","embeddable":true,"href":"https:\/\/amsports.pl\/index.php?rest_route=%2Fwp%2Fv2%2Fproduct_tag&post=6051"}],"curies":[{"name":"wp","href":"https:\/\/api.w.org\/{rel}","templated":true}]}}