{"id":6080,"date":"2026-02-11T14:28:24","date_gmt":"2026-02-11T14:28:24","guid":{"rendered":"https:\/\/amsports.pl\/?post_type=product&#038;p=6080"},"modified":"2026-02-11T14:30:24","modified_gmt":"2026-02-11T14:30:24","slug":"specialized-sirrus-x-4-0-satin-dark-navy-metallic","status":"publish","type":"product","link":"https:\/\/amsports.pl\/?product=specialized-sirrus-x-4-0-satin-dark-navy-metallic","title":{"rendered":"SPECIALIZED SIRRUS X  4.0  satin dark navy metallic"},"content":{"rendered":"<div class=\"sc-ead892cd-5 eHLHSy\">\n<div class=\"sc-7b459de1-0 iQqkSJ\"><span class=\"HwtZe\" lang=\"pl\"><span class=\"jCAhz ChMk0b\"><span class=\"ryNqvb\">Sirrus X to Tw\u00f3j bilet na wi\u0119ksz\u0105 jazd\u0119 i podr\u00f3\u017cowanie do miejsc, o kt\u00f3rych nawet nie marzy\u0142e\u015b.<\/span><\/span> <span class=\"jCAhz ChMk0b\"><span class=\"ryNqvb\">To wygodny, sprawny rower typu \u201ezr\u00f3bmy swoje\u201d, kt\u00f3ry zainspiruje Ci\u0119 do przejechania wi\u0119cej ni\u017c kiedykolwiek wcze\u015bniej.<\/span><\/span> <span class=\"jCAhz ChMk0b\"><span class=\"ryNqvb\">Dzi\u0119ki wi\u0119kszym oponom daj\u0105cym pewno\u015b\u0107 siebie, nieco bardziej wyprostowanej pozycji podczas jazdy, wyj\u0105tkowo intuicyjnemu nap\u0119dowi na jedn\u0105 z\u0119batk\u0119 oraz du\u017cej liczbie mocowa\u0144 do baga\u017cnik\u00f3w i b\u0142otnik\u00f3w \u2014 to co\u015b wi\u0119cej ni\u017c tylko solidny partner na szosie.<\/span><\/span> <span class=\"jCAhz ChMk0b\"><span class=\"ryNqvb\">Sirrus X to opcja wybierana, gdy nadejdzie czas uderzenia w \u017cwir.<\/span><\/span> <span class=\"jCAhz ChMk0b\"><span class=\"ryNqvb\">Wyposa\u017cyli\u015bmy tak\u017ce ka\u017cdego Sirrusa X w wy\u017cszy poziom komfortu dzi\u0119ki naszemu naukowo przetestowanemu i ergonomicznie zaprojektowanemu siode\u0142ku, uchwytom i peda\u0142om Shared Platform Body Geometry.<\/span><\/span> <span class=\"jCAhz ChMk0b\"><span class=\"ryNqvb\">Wyposa\u017cyli\u015bmy Sirrus X 4.0 w rewolucyjny amortyzator Future Shock, kt\u00f3ry \u0142agodzi nier\u00f3wno\u015bci i dziury.<\/span><\/span>\u00a0<\/span><\/div>\n<div class=\"sc-7b459de1-0 iQqkSJ\"><span class=\"HwtZe\" lang=\"pl\"> <span class=\"jCAhz ChMk0b\"><span class=\"ryNqvb\">Future Shock 1.5 amortyzuje na poziomie 20 mm, aby zapewni\u0107 maksymalny komfort i kontrol\u0119 w trudnych warunkach.<\/span><\/span> <span class=\"jCAhz ChMk0b\"><span class=\"ryNqvb\">Dodany widelec karbonowy i rama ze stopu A1 SL sprawiaj\u0105, \u017ce konstrukcja jest o 1,6 funta (0,8 kg) l\u017cejsza ni\u017c model 3.0 \u2013 \u017cadna ci\u0119\u017cka hybryda z amortyzowanym widelcem w stylu g\u00f3rskim nie jest w stanie jej dor\u00f3wna\u0107.<\/span><\/span> <span class=\"jCAhz ChMk0b\"><span class=\"ryNqvb\">Szerokozakresowa przerzutka 1&#215;11 Shimano Cues zapewnia precyzyjn\u0105 zmian\u0119 prze\u0142o\u017ce\u0144 na d\u0142ugich dystansach.<\/span><\/span><\/span><\/div>\n<\/div>\n","protected":false},"excerpt":{"rendered":"<p>Masz miejsca do odwiedzenia, ludzi do zobaczenia i cele fitness do osi\u0105gni\u0119cia. Rozumiemy \u2013 \u017cycie toczy si\u0119 do\u015b\u0107 szybko, wi\u0119c dobrze, \u017ce Sirrus X pomo\u017ce Tobie w tym wszystkim. Gdziekolwiek si\u0119 wybierasz, Sirrus X Ciebie tam zabierze.<\/p>\n","protected":false},"featured_media":6081,"comment_status":"open","ping_status":"closed","template":"","meta":{"inline_featured_image":false},"product_cat":[119,76],"product_tag":[],"_links":{"self":[{"href":"https:\/\/amsports.pl\/index.php?rest_route=\/wp\/v2\/product\/6080"}],"collection":[{"href":"https:\/\/amsports.pl\/index.php?rest_route=\/wp\/v2\/product"}],"about":[{"href":"https:\/\/amsports.pl\/index.php?rest_route=\/wp\/v2\/types\/product"}],"replies":[{"embeddable":true,"href":"https:\/\/amsports.pl\/index.php?rest_route=%2Fwp%2Fv2%2Fcomments&post=6080"}],"wp:featuredmedia":[{"embeddable":true,"href":"https:\/\/amsports.pl\/index.php?rest_route=\/wp\/v2\/media\/6081"}],"wp:attachment":[{"href":"https:\/\/amsports.pl\/index.php?rest_route=%2Fwp%2Fv2%2Fmedia&parent=6080"}],"wp:term":[{"taxonomy":"product_cat","embeddable":true,"href":"https:\/\/amsports.pl\/index.php?rest_route=%2Fwp%2Fv2%2Fproduct_cat&post=6080"},{"taxonomy":"product_tag","embeddable":true,"href":"https:\/\/amsports.pl\/index.php?rest_route=%2Fwp%2Fv2%2Fproduct_tag&post=6080"}],"curies":[{"name":"wp","href":"https:\/\/api.w.org\/{rel}","templated":true}]}}