{"id":6083,"date":"2026-02-11T14:49:12","date_gmt":"2026-02-11T14:49:12","guid":{"rendered":"https:\/\/amsports.pl\/?post_type=product&#038;p=6083"},"modified":"2026-02-11T14:51:28","modified_gmt":"2026-02-11T14:51:28","slug":"specialized-sirrus-x-st-2-0-gloss-desert-metallic","status":"publish","type":"product","link":"https:\/\/amsports.pl\/?product=specialized-sirrus-x-st-2-0-gloss-desert-metallic","title":{"rendered":"SPECIALIZED SIRRUS X  ST  2.0  gloss desert metallic"},"content":{"rendered":"<div class=\"sc-ead892cd-5 eHLHSy\">\n<div class=\"sc-7b459de1-0 iQqkSJ\">\n<div>\n<p>Sirrus X sprawi, \u017ce b\u0119dziesz je\u017adzi\u0107 wi\u0119cej, w dodatku w miejscach, o kt\u00f3rych nawet Ci si\u0119 nie \u015bni\u0142o. To wygodny, sprawny rower, kt\u00f3ry zainspiruje Ci\u0119 do cz\u0119stszych jazd. Wi\u0119ksze, budz\u0105ce zaufanie opony, nieco bardziej wyprostowana pozycja jazdy, wyj\u0105tkowo intuicyjny nap\u0119d typu &#8222;one-by&#8221; oraz wiele mocowa\u0144 baga\u017cnik\u00f3w i b\u0142otnik\u00f3w \u2014 to co\u015b wi\u0119cej ni\u017c tylko solidny partner na szosie. Sirrus X to r\u00f3wnie\u017c doskona\u0142y wyb\u00f3r do jazdy po szutrze. Ka\u017cdy egzemplarz gwarantuje tak\u017ce komfort na najwy\u017cszym poziomie dzi\u0119ki naszemu naukowo przetestowanemu i ergonomicznie zaprojektowanemu siode\u0142ku Shared Platform Body Geometry, chwytom i peda\u0142om.<\/p>\n<\/div>\n<ul>\n<li>Lekka rama z aluminium A1 z wewn\u0119trznym prowadzeniem kabli, kt\u00f3ra jest o 1,7 kg l\u017cejsza ni\u017c inne rowery tej klasy.<\/li>\n<li>Maksymalna kontrola dzi\u0119ki niezwykle intuicyjnej zmianie prze\u0142o\u017ce\u0144 z szerokim zakresem 1&#215;9 i solidnym hydraulicznym hamulcom tarczowym.<\/li>\n<li>P\u0142ynne pokonywanie nier\u00f3wno\u015bci dzi\u0119ki szybkim oponom Specialized Pathfinder 42c wykonanym ze specjalnej mieszanki gumy GRIPTON\u00ae.<\/li>\n<\/ul>\n<\/div>\n<\/div>\n","protected":false},"excerpt":{"rendered":"<p>Masz miejsca do odwiedzenia, ludzi do zobaczenia i cele fitness do osi\u0105gni\u0119cia. Rozumiemy \u2013 \u017cycie toczy si\u0119 do\u015b\u0107 szybko, wi\u0119c dobrze, \u017ce Sirrus X pomo\u017ce Tobie w tym wszystkim. Gdziekolwiek si\u0119 wybierasz, Sirrus X Ciebie tam zabierze.<\/p>\n","protected":false},"featured_media":6084,"comment_status":"open","ping_status":"closed","template":"","meta":{"inline_featured_image":false},"product_cat":[119,76],"product_tag":[],"_links":{"self":[{"href":"https:\/\/amsports.pl\/index.php?rest_route=\/wp\/v2\/product\/6083"}],"collection":[{"href":"https:\/\/amsports.pl\/index.php?rest_route=\/wp\/v2\/product"}],"about":[{"href":"https:\/\/amsports.pl\/index.php?rest_route=\/wp\/v2\/types\/product"}],"replies":[{"embeddable":true,"href":"https:\/\/amsports.pl\/index.php?rest_route=%2Fwp%2Fv2%2Fcomments&post=6083"}],"wp:featuredmedia":[{"embeddable":true,"href":"https:\/\/amsports.pl\/index.php?rest_route=\/wp\/v2\/media\/6084"}],"wp:attachment":[{"href":"https:\/\/amsports.pl\/index.php?rest_route=%2Fwp%2Fv2%2Fmedia&parent=6083"}],"wp:term":[{"taxonomy":"product_cat","embeddable":true,"href":"https:\/\/amsports.pl\/index.php?rest_route=%2Fwp%2Fv2%2Fproduct_cat&post=6083"},{"taxonomy":"product_tag","embeddable":true,"href":"https:\/\/amsports.pl\/index.php?rest_route=%2Fwp%2Fv2%2Fproduct_tag&post=6083"}],"curies":[{"name":"wp","href":"https:\/\/api.w.org\/{rel}","templated":true}]}}