{"id":6087,"date":"2026-02-11T15:05:24","date_gmt":"2026-02-11T15:05:24","guid":{"rendered":"https:\/\/amsports.pl\/?post_type=product&#038;p=6087"},"modified":"2026-02-11T15:10:26","modified_gmt":"2026-02-11T15:10:26","slug":"specialized-chisel-29-gloss-pistachio","status":"publish","type":"product","link":"https:\/\/amsports.pl\/?product=specialized-chisel-29-gloss-pistachio","title":{"rendered":"SPECIALIZED CHISEL 29  gloss pistachio"},"content":{"rendered":"<p>SZYBKI METAL Dzi\u0119ki wykorzystaniu technologii D&#8217;Aluisio Smartweld Chisel mo\u017ce pochwali\u0107 si\u0119 najl\u017cejsz\u0105 aluminiow\u0105 ram\u0105 XC w swojej klasie. Ka\u017cda wysoce obrabiana rura ramy ma r\u00f3\u017cne grubo\u015bci \u015bcianek i kszta\u0142ty, kt\u00f3re zapewniaj\u0105 sztywno\u015b\u0107 tam, gdzie potrzebujesz wydajno\u015bci, oraz elastyczno\u015b\u0107 w miejscach, w kt\u00f3rych potrzebna jest wygoda i optymalna kontrola.<\/p>\n<p>NIEZR\u00d3WNANE MO\u017bLIWO\u015aCI Dzi\u0119ki 110 mm zawieszeniu Ride Dynamics mo\u017cna prze\u015bledzi\u0107 rodow\u00f3d nies\u0142ychanej wydajno\u015bci Chisela i dotrze\u0107 prosto do Epica 8, naszej wy\u015bcigowej maszyny godnej Pucharu \u015awiata. Chisel posiada zaawansowan\u0105 kinematyk\u0119 zawieszenia Epica 8, specjalnie zaprojektowane zawieszenie Ride Dynamics i progresywn\u0105 geometri\u0119 szlifowan\u0105 na technicznych trasach Pucharu \u015awiata, dzi\u0119ki czemu ma niezwyk\u0142\u0105 zdolno\u015b\u0107 radzenia sobie w zr\u00f3\u017cnicowanym terenie, gwarantuj\u0105c pewno\u015b\u0107 siebie i szybko\u015b\u0107.<\/p>\n<p>NIEZWYK\u0141A WYDAJNO\u015a\u0106 Chisel jest najbardziej wydajnym rowerem w swojej klasie dzi\u0119ki wykorzystaniu geometrii i kinematyki, kt\u00f3re zastosowali\u015bmy w naszej wy\u015bcigowej maszynie Epic 8. Stroma rura podsiod\u0142owa ustawia rowerzyst\u0119 w optymalnej pozycji do peda\u0142owania. \u015awietny anti-squat redukuje ko\u0142ysanie w peda\u0142ach, a wszystko razem sprawia, \u017ce Chisel przek\u0142ada ka\u017cd\u0105 si\u0142\u0119 przy\u0142o\u017con\u0105 do peda\u0142\u00f3w na maksymalny ruch do przodu.<\/p>\n<p>P\u0141YNNIEJ ZNACZY SZYBCIEJ Konstrukcja tylnej osi typu &#8222;flex stay&#8221; zapewnia najlepsz\u0105 w swojej klasie wydajno\u015b\u0107 zawieszenia, redukuje wag\u0119 i eliminuje konserwacj\u0119 zwi\u0105zan\u0105 z osiami obrotowymi stosowanymi w tradycyjnej konstrukcji. Szeroko zakrojone testy terenowe i laboratoryjne, kt\u00f3re zazwyczaj przeprowadza si\u0119 dla rower\u00f3w karbonowych, dowodz\u0105, \u017ce Chisel osi\u0105gn\u0105\u0142 niemo\u017cliwe &#8211; wydajno\u015b\u0107, kontrol\u0119 i lekko\u015b\u0107 konstrukcji flex stay w zaawansowanym rowerze aluminiowym.<\/p>\n<p>HYDROFORMOWANY STOP Chisel redukuje zb\u0119dny materia\u0142 i wag\u0119 dzi\u0119ki jednocz\u0119\u015bciowej hydroformowanej rurze podsiod\u0142owej, kt\u00f3ra integruje o\u015b obrotu rury podsiod\u0142owej, g\u0142\u00f3wn\u0105 o\u015b obrotu oraz muf\u0119 suportu. W bardziej tradycyjnych rowerach rura podsiod\u0142owa jest zwykle tylko &#8222;rur\u0105&#8221; z przyspawanymi osiami obrotu i muf\u0105 suportu.<\/p>\n<p>&nbsp;<\/p>\n","protected":false},"excerpt":{"rendered":"<p>Najl\u017cejszy i najszybszy rower z pe\u0142nym zawieszeniem na \u015bwiecie. Jest o 18,4% l\u017cejszy od najbli\u017cszego konkurenta, a geometria i kinematyka zosta\u0142y zaczerpni\u0119te z modelu g\u00f3rskiego Epic 8, kt\u00f3ry jest godzien Pucharu \u015awiata. Nowy Chisel zapewnia odczuwalne osi\u0105gi, niezale\u017cnie od tego, czy \u015bcigasz si\u0119 podczas zjazdu, czy samotnie pokonujesz lokalne szlaki.<\/p>\n","protected":false},"featured_media":6088,"comment_status":"open","ping_status":"closed","template":"","meta":{"inline_featured_image":false},"product_cat":[75],"product_tag":[],"_links":{"self":[{"href":"https:\/\/amsports.pl\/index.php?rest_route=\/wp\/v2\/product\/6087"}],"collection":[{"href":"https:\/\/amsports.pl\/index.php?rest_route=\/wp\/v2\/product"}],"about":[{"href":"https:\/\/amsports.pl\/index.php?rest_route=\/wp\/v2\/types\/product"}],"replies":[{"embeddable":true,"href":"https:\/\/amsports.pl\/index.php?rest_route=%2Fwp%2Fv2%2Fcomments&post=6087"}],"wp:featuredmedia":[{"embeddable":true,"href":"https:\/\/amsports.pl\/index.php?rest_route=\/wp\/v2\/media\/6088"}],"wp:attachment":[{"href":"https:\/\/amsports.pl\/index.php?rest_route=%2Fwp%2Fv2%2Fmedia&parent=6087"}],"wp:term":[{"taxonomy":"product_cat","embeddable":true,"href":"https:\/\/amsports.pl\/index.php?rest_route=%2Fwp%2Fv2%2Fproduct_cat&post=6087"},{"taxonomy":"product_tag","embeddable":true,"href":"https:\/\/amsports.pl\/index.php?rest_route=%2Fwp%2Fv2%2Fproduct_tag&post=6087"}],"curies":[{"name":"wp","href":"https:\/\/api.w.org\/{rel}","templated":true}]}}