{"id":6095,"date":"2026-02-11T16:39:17","date_gmt":"2026-02-11T16:39:17","guid":{"rendered":"https:\/\/amsports.pl\/?post_type=product&#038;p=6095"},"modified":"2026-02-11T16:45:07","modified_gmt":"2026-02-11T16:45:07","slug":"specialized-demo-race-gloss-obsidian-brushed-chameleon-supernova","status":"publish","type":"product","link":"https:\/\/amsports.pl\/?product=specialized-demo-race-gloss-obsidian-brushed-chameleon-supernova","title":{"rendered":"SPECIALIZED DEMO RACE  gloss obsidian \/ brushed \/ chameleon supernova"},"content":{"rendered":"<p>Przedstawiamy now\u0105 ram\u0119 mieszcz\u0105c\u0105 r\u00f3\u017cne rozmiary k\u00f3\u0142, kt\u00f3ra umo\u017cliwia za\u0142o\u017cenie 29-calowego ko\u0142a przedniego i 27,5-calowego ko\u0142a tylnego. To specjalne po\u0142\u0105czenie by\u0142o od dawna testowane przez mistrza \u015bwiata, Lo\u00efca Bruniego, kt\u00f3ry szuka\u0142 idealnej r\u00f3wnowagi mi\u0119dzy przyczepno\u015bci\u0105 a zwrotno\u015bci\u0105. Dopiero w zesz\u0142ym roku rozwi\u0105zanie to dosta\u0142o zielone \u015bwiat\u0142o od UCI. Nie przeszkodzi\u0142o to jednak modelowi Demo Race w zdobyciu zar\u00f3wno zjazdowego mistrzostwa \u015bwiata, jak i generalki Pucharu \u015awiata w DH w swoim pierwszym sezonie!<\/p>\n<p>Teraz oferujemy t\u0119 sam\u0105 zwyci\u0119sk\u0105 kombinacj\u0119 od razu po wyj\u0119ciu z pude\u0142ka, jednocze\u015bnie zapewniaj\u0105c regulowany ty\u0142, kt\u00f3ry nadal umo\u017cliwia zmian\u0119 rozmiaru k\u00f3\u0142 mi\u0119dzy 27,5 a 29 cali w zale\u017cno\u015bci od terenu i stylu jazdy, a tak\u017ce na regulacj\u0119 odpowiedniej d\u0142ugo\u015bci wide\u0142ek dolnych i wysoko\u015bci suportu.<\/p>\n<p>Niesamowicie szybkie na ci\u0119\u017ckich trasach zawieszenie Demo Race bazuje na wi\u0119kszym skoku osi tylnej, co zmniejsza ryzyko niew\u0142a\u015bciwego l\u0105dowania ko\u0142a tylnego, a w efekcie zwi\u0119ksza pr\u0119dko\u015b\u0107.<\/p>\n<p>Najwy\u017cszej klasy zawieszenie \u00d6hlins wykorzystuje kinematyk\u0119 wielokrotnie sprawdzon\u0105 na trasach Pucharu \u015awiata, a nap\u0119d SRAM X01 do DH gwarantuje pewne dzia\u0142anie od startu do mety.<\/p>\n<ul>\n<li>\n<p class=\"sc-6660ae47-17 hktwbQ\">rama Demo Race ze stopu aluminium M5 w pe\u0142ni wykorzystuje znakomit\u0105 trakcj\u0119 przedniego ko\u0142a 29&#8243; i manewrowalno\u015b\u0107 27-calowego tylnego, ale pozwala zamieni\u0107 je na 29-calowe, je\u017celi uznasz, \u017ce wi\u0119ksze lepiej pasuje do Twoich preferencji lub terenu. Regulacja tylnego tr\u00f3jk\u0105ta jest gwarancj\u0105, \u017ce d\u0142ugo\u015b\u0107 dolnych rur i wysoko\u015b\u0107 suportu s\u0105 idealne dla ka\u017cdego rozmiaru k\u00f3\u0142.<\/p>\n<\/li>\n<li>\n<p class=\"sc-6660ae47-17 hktwbQ\">Amortyzator spr\u0119\u017cynowy \u00d6hlins TTX22 M.2 zosta\u0142 stworzony pod k\u0105tem najbardziej wymagaj\u0105cych tras zjazdowego Pucharu \u015awiata. Oferuje zewn\u0119trzn\u0105 regulacj\u0119 wolnej kompresji i\u00a0t\u0142umienia powrotu, a\u00a0mocowanie Trunnion zapewnia dodatkowe nak\u0142adanie si\u0119 tulei, co zwi\u0119ksza trwa\u0142o\u015b\u0107.<\/p>\n<\/li>\n<li>\n<p class=\"sc-6660ae47-17 hktwbQ\">Dzi\u0119ki znakomitemu wybieraniu ma\u0142ych nier\u00f3wno\u015bci i\u00a0zdolno\u015bci poch\u0142aniania l\u0105dowa\u0144 z\u00a0najwi\u0119kszych wysoko\u015bci, 200-milimetrowy skok widelca \u00d6hlins DH38 M.1 zapewnia p\u0142ynniejsz\u0105, szybsz\u0105 i\u00a0pewniejsz\u0105 jazd\u0119 ni\u017c jakikolwiek inny rower<\/p>\n<\/li>\n<\/ul>\n<p>&nbsp;<\/p>\n","protected":false},"excerpt":{"rendered":"<p>Celem kolekcji Demo zawsze by\u0142a maksymalna pr\u0119dko\u015b\u0107. Nie inaczej jest z modelem Demo Race.<\/p>\n","protected":false},"featured_media":6096,"comment_status":"open","ping_status":"closed","template":"","meta":{"inline_featured_image":false},"product_cat":[75],"product_tag":[],"_links":{"self":[{"href":"https:\/\/amsports.pl\/index.php?rest_route=\/wp\/v2\/product\/6095"}],"collection":[{"href":"https:\/\/amsports.pl\/index.php?rest_route=\/wp\/v2\/product"}],"about":[{"href":"https:\/\/amsports.pl\/index.php?rest_route=\/wp\/v2\/types\/product"}],"replies":[{"embeddable":true,"href":"https:\/\/amsports.pl\/index.php?rest_route=%2Fwp%2Fv2%2Fcomments&post=6095"}],"wp:featuredmedia":[{"embeddable":true,"href":"https:\/\/amsports.pl\/index.php?rest_route=\/wp\/v2\/media\/6096"}],"wp:attachment":[{"href":"https:\/\/amsports.pl\/index.php?rest_route=%2Fwp%2Fv2%2Fmedia&parent=6095"}],"wp:term":[{"taxonomy":"product_cat","embeddable":true,"href":"https:\/\/amsports.pl\/index.php?rest_route=%2Fwp%2Fv2%2Fproduct_cat&post=6095"},{"taxonomy":"product_tag","embeddable":true,"href":"https:\/\/amsports.pl\/index.php?rest_route=%2Fwp%2Fv2%2Fproduct_tag&post=6095"}],"curies":[{"name":"wp","href":"https:\/\/api.w.org\/{rel}","templated":true}]}}