{"id":6103,"date":"2026-02-11T16:58:19","date_gmt":"2026-02-11T16:58:19","guid":{"rendered":"https:\/\/amsports.pl\/?post_type=product&#038;p=6103"},"modified":"2026-02-20T16:17:55","modified_gmt":"2026-02-20T16:17:55","slug":"specialized-riprock-24-gloss-smoke","status":"publish","type":"product","link":"https:\/\/amsports.pl\/?product=specialized-riprock-24-gloss-smoke","title":{"rendered":"SPECIALIZED RIPROCK 24&#8221;   gloss smoke"},"content":{"rendered":"<p>Riprock to rower g\u00f3rski posiadaj\u0105cy wszystkie cechy gwarantuj\u0105ce doskona\u0142e prowadzenie, takie jak nowoczesna geometria, opony Ground Control, hydrauliczne hamulce tarczowe i wewn\u0119trznie poprowadzone przewody. Dorzucili\u015bmy te\u017c nap\u0119d o szerokim zakresie prze\u0142o\u017ce\u0144, dzi\u0119ki czemu Riprock jest naprawd\u0119 doskona\u0142ym rowerem, kt\u00f3ry inspiruje m\u0142odych rowerzyst\u00f3w do pokonywania coraz wi\u0119kszych podjazd\u00f3w i delektowania si\u0119 jazd\u0105 w d\u00f3\u0142.<\/p>\n<p>Dzieci nie mog\u0105 je\u017adzi\u0107 pewnie, je\u015bli nie je\u017adzi im si\u0119 wygodnie. W Riprocku odpowiednie dopasowanie to priorytet. Dlatego wykorzystali\u015bmy dost\u0119pne dane, by przeprojektowa\u0107 wszystko, pocz\u0105wszy od sposobu trzymania kierownicy a\u017c po pozycj\u0119 w siode\u0142ku, i stworzy\u0107 rower proporcjonalnie dostosowany do potrzeb dzieci. Zrobili\u015bmy to wszystko, poniewa\u017c komfort daje pewno\u015b\u0107 siebie, a wi\u0119ksza pewno\u015b\u0107 siebie zawsze prowadzi do bardziej odwa\u017cnej jazdy.<\/p>\n","protected":false},"excerpt":{"rendered":"<p><span class=\"HwtZe\" lang=\"pl\">By\u0107 wolnym oznacza nie ba\u0107 si\u0119. A wolno\u015b\u0107 na rowerze wymaga sprz\u0119tu, kt\u00f3ry jest w stanie sprosta\u0107 wyzwaniom wyobra\u017ani twojego dziecka. <\/span><\/p>\n","protected":false},"featured_media":6104,"comment_status":"open","ping_status":"closed","template":"","meta":{"inline_featured_image":false},"product_cat":[80],"product_tag":[],"_links":{"self":[{"href":"https:\/\/amsports.pl\/index.php?rest_route=\/wp\/v2\/product\/6103"}],"collection":[{"href":"https:\/\/amsports.pl\/index.php?rest_route=\/wp\/v2\/product"}],"about":[{"href":"https:\/\/amsports.pl\/index.php?rest_route=\/wp\/v2\/types\/product"}],"replies":[{"embeddable":true,"href":"https:\/\/amsports.pl\/index.php?rest_route=%2Fwp%2Fv2%2Fcomments&post=6103"}],"wp:featuredmedia":[{"embeddable":true,"href":"https:\/\/amsports.pl\/index.php?rest_route=\/wp\/v2\/media\/6104"}],"wp:attachment":[{"href":"https:\/\/amsports.pl\/index.php?rest_route=%2Fwp%2Fv2%2Fmedia&parent=6103"}],"wp:term":[{"taxonomy":"product_cat","embeddable":true,"href":"https:\/\/amsports.pl\/index.php?rest_route=%2Fwp%2Fv2%2Fproduct_cat&post=6103"},{"taxonomy":"product_tag","embeddable":true,"href":"https:\/\/amsports.pl\/index.php?rest_route=%2Fwp%2Fv2%2Fproduct_tag&post=6103"}],"curies":[{"name":"wp","href":"https:\/\/api.w.org\/{rel}","templated":true}]}}