{"id":6121,"date":"2026-02-12T12:36:45","date_gmt":"2026-02-12T12:36:45","guid":{"rendered":"https:\/\/amsports.pl\/?post_type=product&#038;p=6121"},"modified":"2026-02-12T13:00:47","modified_gmt":"2026-02-12T13:00:47","slug":"storm-e-taurus-29-1-0-oliwkowy","status":"publish","type":"product","link":"https:\/\/amsports.pl\/?product=storm-e-taurus-29-1-0-oliwkowy","title":{"rendered":"STORM E-TAURUS 29&#8221; 1.0  oliwkowy"},"content":{"rendered":"<section class=\"section\">\n<div class=\"item item-12\">\n<section class=\"text-item\"><b>Storm E-Taurus 1.0<\/b> wyposa\u017cono w mocny silnik o mocy <b>250 W<\/b> oraz akumulator <b>litowo-jonowy 36V 14,5 AH, 522WH<\/b>, zapewnia zasi\u0119g nawet do 90 km na jednym \u0142adowaniu, co czyni go idealnym wyborem zar\u00f3wno do codziennych dojazd\u00f3w, jak i d\u0142u\u017cszych wycieczek. Dzi\u0119ki zastosowaniu lekkiej, aluminiowej ramy oraz amortyzowanego widelca, jazda jest p\u0142ynna i komfortowa nawet po nier\u00f3wnym terenie.\u00a0<\/section>\n<\/div>\n<\/section>\n<section class=\"section\">\n<div class=\"item item-12\">\n<section class=\"text-item\"><b>Storm E-Taurus 1.0<\/b> wyposa\u017cony jest w <b>8-biegow\u0105 przerzutk\u0119 Shimano ACERA<\/b>, co umo\u017cliwia \u0142atwe dostosowanie prze\u0142o\u017ce\u0144 do aktualnych warunk\u00f3w jazdy. <b>Wy\u015bwietlacz LCD <\/b>umieszczony na kierownicy informuje o najwa\u017cniejszych parametrach, takich jak poziom na\u0142adowania baterii, pr\u0119dko\u015b\u0107 czy tryb wspomagania. <b>Hydrauliczne hamulce tarczowe<\/b> gwarantuj\u0105 skuteczne hamowanie w ka\u017cdych warunkach pogodowych, a szerokie opony <b>MTB\u00a0<\/b>zapewniaj\u0105 doskona\u0142\u0105 przyczepno\u015b\u0107 zar\u00f3wno na asfalcie, jak i na \u015bcie\u017ckach terenowych.\u00a0<\/section>\n<\/div>\n<\/section>\n<section class=\"section\">\n<div class=\"item item-12\">\n<section class=\"text-item\">Amortyzator <b>SUNTOUR XCM34-BOOST DS<\/b>. ze skokiem <b>120 mm<\/b> zapewnia wysok\u0105 kultur\u0119 pracy oraz doskona\u0142e t\u0142umienie wibracji powstaj\u0105cych podczas jazdy po nier\u00f3wnej i wyboistej nawierzchni.<\/section>\n<\/div>\n<\/section>\n<hr data-start=\"1509\" data-end=\"1512\" \/>\n","protected":false},"excerpt":{"rendered":"<p>STORM E-TAURUS 29&#8221; 1.0<\/p>\n","protected":false},"featured_media":6122,"comment_status":"open","ping_status":"closed","template":"","meta":{"inline_featured_image":false},"product_cat":[83,75],"product_tag":[],"_links":{"self":[{"href":"https:\/\/amsports.pl\/index.php?rest_route=\/wp\/v2\/product\/6121"}],"collection":[{"href":"https:\/\/amsports.pl\/index.php?rest_route=\/wp\/v2\/product"}],"about":[{"href":"https:\/\/amsports.pl\/index.php?rest_route=\/wp\/v2\/types\/product"}],"replies":[{"embeddable":true,"href":"https:\/\/amsports.pl\/index.php?rest_route=%2Fwp%2Fv2%2Fcomments&post=6121"}],"wp:featuredmedia":[{"embeddable":true,"href":"https:\/\/amsports.pl\/index.php?rest_route=\/wp\/v2\/media\/6122"}],"wp:attachment":[{"href":"https:\/\/amsports.pl\/index.php?rest_route=%2Fwp%2Fv2%2Fmedia&parent=6121"}],"wp:term":[{"taxonomy":"product_cat","embeddable":true,"href":"https:\/\/amsports.pl\/index.php?rest_route=%2Fwp%2Fv2%2Fproduct_cat&post=6121"},{"taxonomy":"product_tag","embeddable":true,"href":"https:\/\/amsports.pl\/index.php?rest_route=%2Fwp%2Fv2%2Fproduct_tag&post=6121"}],"curies":[{"name":"wp","href":"https:\/\/api.w.org\/{rel}","templated":true}]}}