{"id":6156,"date":"2026-02-20T14:55:03","date_gmt":"2026-02-20T14:55:03","guid":{"rendered":"https:\/\/amsports.pl\/?post_type=product&#038;p=6156"},"modified":"2026-02-20T15:29:09","modified_gmt":"2026-02-20T15:29:09","slug":"specialized-allez-e5-sport-gloss-tarmac-black","status":"publish","type":"product","link":"https:\/\/amsports.pl\/?product=specialized-allez-e5-sport-gloss-tarmac-black","title":{"rendered":"SPECIALIZED ALLEZ E5 SPORT  gloss tarmac black"},"content":{"rendered":"<p>NAJL\u017bEJSZY W SWOJEJ KLASIE Wykonana z najwy\u017cszej jako\u015bci cieniowanego i podw\u00f3jnie cieniowanego aluminium E5 rama Allez wa\u017cy zaledwie 1375** gram\u00f3w, zapewniaj\u0105c szybkie i zwinne prowadzenie na drodze. Widelec wykonany w ca\u0142o\u015bci z w\u0142\u00f3kna w\u0119glowego jeszcze bardziej obni\u017ca wag\u0119 (nie ma tu ukrytej aluminiowej rury sterowej) i gwarantuje p\u0142ynn\u0105 jazd\u0119. Je\u015bli dodamy do tego nowoczesne, przemy\u015blane rozwi\u0105zania konstrukcyjne, nie b\u0119dzie zaskoczeniem, \u017ce Allez jest najl\u017cejszy w swojej klasie.<\/p>\n<p>NIEZWYK\u0141A PEWNO\u015a\u0106 Ta wysokiej jako\u015bci rama z aluminium E5 jest lekka, szybka i wytrzyma\u0142a. Doskona\u0142y stosunek sztywno\u015bci do masy w po\u0142\u0105czeniu z si\u0142\u0105 hamowania dwut\u0142oczkowych hamulc\u00f3w tarczowych, kt\u00f3re dzia\u0142aj\u0105 niezawodnie w ka\u017cd\u0105 pogod\u0119, zapewnia pewno\u015b\u0107 przy ka\u017cdej pr\u0119dko\u015bci. Ponadto wykorzystali\u015bmy legendarn\u0105 geometri\u0119 endurance roweru Roubaix, aby zapewni\u0107 komfort na d\u0142ugich trasach i stabilne prowadzenie, gwarantuj\u0105c, \u017ce Allez pokonuje kr\u0119t\u0105 drog\u0119 niczym najlepszy rower wy\u015bcigowy.<\/p>\n<p>WSZECHSTRONNO\u015a\u0106 I WYDAJNO\u015a\u0106 Z Allezem bez problemu dojedziesz do pracy, po czym podbijesz miejscowego KOM-a czy weekendow\u0105 ustawk\u0119. Baga\u017cniki i mocowania b\u0142otnik\u00f3w zapewniaj\u0105, \u017ce Allez jest wystarczaj\u0105co wszechstronny, aby sprosta\u0107 ka\u017cdej drodze, w kt\u00f3r\u0105 go zabierzesz. Dzi\u0119ki prze\u015bwitowi na opony do 35 mm (32 mm z b\u0142otnikami) rower sprawdzi si\u0119 na najtrudniejszych drogach, a nawet lekkim szutrze. Allez posiada szeroki zakres prze\u0142o\u017ce\u0144, aby zapewni\u0107 komfortowe obroty i efektywn\u0105 jazd\u0119 na bardziej stromych trasach.<\/p>\n","protected":false},"excerpt":{"rendered":"<p>Cztery dekady po tym, jak pierwszy Specialized Allez wjecha\u0142 na drog\u0119, nowy Allez jest wci\u0105\u017c najlepszy. Jest najl\u017cejszy w swojej klasie*, zapewnia wi\u0119ksz\u0105 pewno\u015b\u0107, wszechstronno\u015b\u0107 i wydajno\u015b\u0107 ni\u017c kiedykolwiek wcze\u015bniej, a jednocze\u015bnie jest bardziej przyst\u0119pny cenowo. Niezale\u017cnie od tego, czy szukasz wysokiej jako\u015bci roweru aluminiowego, roweru na weekendowe przeja\u017cd\u017cki i szybkie dojazdy do pracy, czy dopiero zaczynasz swoj\u0105 szosow\u0105 podr\u00f3\u017c, wydajno\u015b\u0107 na drodze zaczyna si\u0119 od Alleza.<\/p>\n","protected":false},"featured_media":6157,"comment_status":"open","ping_status":"closed","template":"","meta":{"inline_featured_image":false},"product_cat":[76],"product_tag":[],"_links":{"self":[{"href":"https:\/\/amsports.pl\/index.php?rest_route=\/wp\/v2\/product\/6156"}],"collection":[{"href":"https:\/\/amsports.pl\/index.php?rest_route=\/wp\/v2\/product"}],"about":[{"href":"https:\/\/amsports.pl\/index.php?rest_route=\/wp\/v2\/types\/product"}],"replies":[{"embeddable":true,"href":"https:\/\/amsports.pl\/index.php?rest_route=%2Fwp%2Fv2%2Fcomments&post=6156"}],"wp:featuredmedia":[{"embeddable":true,"href":"https:\/\/amsports.pl\/index.php?rest_route=\/wp\/v2\/media\/6157"}],"wp:attachment":[{"href":"https:\/\/amsports.pl\/index.php?rest_route=%2Fwp%2Fv2%2Fmedia&parent=6156"}],"wp:term":[{"taxonomy":"product_cat","embeddable":true,"href":"https:\/\/amsports.pl\/index.php?rest_route=%2Fwp%2Fv2%2Fproduct_cat&post=6156"},{"taxonomy":"product_tag","embeddable":true,"href":"https:\/\/amsports.pl\/index.php?rest_route=%2Fwp%2Fv2%2Fproduct_tag&post=6156"}],"curies":[{"name":"wp","href":"https:\/\/api.w.org\/{rel}","templated":true}]}}